{"id":8479,"date":"2024-09-18T14:17:30","date_gmt":"2024-09-18T14:17:30","guid":{"rendered":"https:\/\/ecotech-solutions.de\/spektrum\/makarali-bosluk-sistemleri-giyotinler\/"},"modified":"2024-09-19T07:57:17","modified_gmt":"2024-09-19T07:57:17","slug":"makarali-bosluk-sistemleri-giyotinler","status":"publish","type":"page","link":"https:\/\/ecotech-solutions.de\/tr\/spektrum\/makarali-bosluk-sistemleri-giyotinler\/","title":{"rendered":"Makaral\u0131 bo\u015fluk sistemleri (giyotinler)"},"content":{"rendered":"\t\t<div data-elementor-type=\"wp-page\" data-elementor-id=\"8479\" class=\"elementor elementor-8479 elementor-8476\" data-elementor-post-type=\"page\">\n\t\t\t\t<div class=\"elementor-element elementor-element-246bd17 e-flex e-con-boxed e-con e-parent\" data-id=\"246bd17\" data-element_type=\"container\" data-e-type=\"container\" data-settings=\"{&quot;background_background&quot;:&quot;classic&quot;}\">\n\t\t\t\t\t<div class=\"e-con-inner\">\n\t\t\t\t<div class=\"elementor-element elementor-element-b0a7873 elementor-widget__width-auto elementor-widget elementor-widget-heading\" data-id=\"b0a7873\" data-element_type=\"widget\" data-e-type=\"widget\" data-widget_type=\"heading.default\">\n\t\t\t\t<div class=\"elementor-widget-container\">\n\t\t\t\t\t<h1 class=\"elementor-heading-title elementor-size-default\">Makaral\u0131 bo\u015fluk sistemleri (giyotinler)<\/h1>\t\t\t\t<\/div>\n\t\t\t\t<\/div>\n\t\t\t\t<div class=\"elementor-element elementor-element-23f2136 elementor-widget__width-inherit elementor-widget elementor-widget-heading\" data-id=\"23f2136\" data-element_type=\"widget\" data-e-type=\"widget\" data-widget_type=\"heading.default\">\n\t\t\t\t<div class=\"elementor-widget-container\">\n\t\t\t\t\t<h2 class=\"elementor-heading-title elementor-size-default\">Verimli malzeme par\u00e7alama i\u00e7in \u00f6zelle\u015ftirilmi\u015f komple \u00e7\u00f6z\u00fcmler<\/h2>\t\t\t\t<\/div>\n\t\t\t\t<\/div>\n\t\t\t\t\t<\/div>\n\t\t\t\t<\/div>\n\t\t<div class=\"elementor-element elementor-element-2d9386f e-flex e-con-boxed e-con e-parent\" data-id=\"2d9386f\" data-element_type=\"container\" data-e-type=\"container\">\n\t\t\t\t\t<div class=\"e-con-inner\">\n\t\t<div class=\"elementor-element elementor-element-80bf970 e-con-full e-flex e-con e-child\" data-id=\"80bf970\" data-element_type=\"container\" data-e-type=\"container\">\n\t\t\t\t<div class=\"elementor-element elementor-element-c65a9ed elementor-widget__width-initial elementor-widget elementor-widget-text-editor\" data-id=\"c65a9ed\" data-element_type=\"widget\" data-e-type=\"widget\" data-widget_type=\"text-editor.default\">\n\t\t\t\t<div class=\"elementor-widget-container\">\n\t\t\t\t\t\t\t\t\t<p>Austropressen&#8217;in rulo dilme hatlar\u0131 at\u0131k ve hurda ka\u011f\u0131t, karton, plastik ve al\u00fcminyum folyo rulolar\u0131n\u0131n kesilmesi ve par\u00e7alanmas\u0131 i\u00e7in hassas ve verimli \u00e7\u00f6z\u00fcmler sunar.<br \/>\nHidrolik giyotinlerimiz 4000 mm geni\u015fli\u011fe ve 2000 mm \u00e7apa kadar rulolar i\u00e7in tasarlanm\u0131\u015ft\u0131r ve rulo kald\u0131r\u0131c\u0131lar, bantl\u0131 konvey\u00f6rler ve \u00e7elik plakal\u0131 konvey\u00f6rler gibi uygun konvey\u00f6r teknolojisi ile birle\u015ftirilebilir.<br \/>\nBu \u00f6zelle\u015ftirilmi\u015f komple \u00e7\u00f6z\u00fcmler sorunsuz bir s\u00fcre\u00e7 ak\u0131\u015f\u0131 sa\u011flar ve \u00e7ok \u00e7e\u015fitli sekt\u00f6rlerin ve malzemelerin ihtiya\u00e7lar\u0131na g\u00f6re uyarlan\u0131r.<br \/>\nYenilik\u00e7i teknoloji ve maksimum g\u00fcvenilirlik sayesinde at\u0131k i\u015flemede yeni standartlar belirlerler.   <\/p>\n\t\t\t\t\t\t\t\t<\/div>\n\t\t\t\t<\/div>\n\t\t\t\t<\/div>\n\t\t<div class=\"elementor-element elementor-element-c097430 e-con-full e-flex e-con e-child\" data-id=\"c097430\" data-element_type=\"container\" data-e-type=\"container\">\n\t\t\t\t<div class=\"elementor-element elementor-element-ee2de5d elementor-widget elementor-widget-image\" data-id=\"ee2de5d\" data-element_type=\"widget\" data-e-type=\"widget\" data-widget_type=\"image.default\">\n\t\t\t\t<div class=\"elementor-widget-container\">\n\t\t\t\t\t\t\t\t\t\t\t\t\t\t\t<img fetchpriority=\"high\" decoding=\"async\" width=\"529\" height=\"741\" src=\"https:\/\/ecotech-solutions.de\/wp-content\/uploads\/2024\/04\/UI-Element.svg\" class=\"attachment-large size-large wp-image-3890\" alt=\"\" \/>\t\t\t\t\t\t\t\t\t\t\t\t\t\t\t<\/div>\n\t\t\t\t<\/div>\n\t\t\t\t<\/div>\n\t\t\t\t\t<\/div>\n\t\t\t\t<\/div>\n\t\t<div class=\"elementor-element elementor-element-379126d e-flex e-con-boxed e-con e-parent\" data-id=\"379126d\" data-element_type=\"container\" data-e-type=\"container\">\n\t\t\t\t\t<div class=\"e-con-inner\">\n\t\t\t\t<div class=\"elementor-element elementor-element-d2b57aa elementor-widget__width-inherit elementor-widget elementor-widget-heading\" data-id=\"d2b57aa\" data-element_type=\"widget\" data-e-type=\"widget\" data-widget_type=\"heading.default\">\n\t\t\t\t<div class=\"elementor-widget-container\">\n\t\t\t\t\t<h2 class=\"elementor-heading-title elementor-size-default\">Silindir bo\u015fluk sistemlerimiz (giyotinler)<\/h2>\t\t\t\t<\/div>\n\t\t\t\t<\/div>\n\t\t\t\t<div class=\"elementor-element elementor-element-15ca05e elementor-widget__width-initial elementor-widget-mobile__width-inherit spektrum elementor-position-top elementor-widget elementor-widget-image-box\" data-id=\"15ca05e\" data-element_type=\"widget\" data-e-type=\"widget\" data-widget_type=\"image-box.default\">\n\t\t\t\t<div class=\"elementor-widget-container\">\n\t\t\t\t\t<div class=\"elementor-image-box-wrapper\"><figure class=\"elementor-image-box-img\"><a href=\"https:\/\/ecotech-solutions.de\/tr\/makarali-yarma-makinesi-rs-12-19\/\" tabindex=\"-1\"><img decoding=\"async\" width=\"1920\" height=\"1080\" src=\"https:\/\/ecotech-solutions.de\/wp-content\/uploads\/2024\/09\/Rollenspaltmaschine-RS-12-19.jpg\" class=\"attachment-full size-full wp-image-7971\" alt=\"\" srcset=\"https:\/\/ecotech-solutions.de\/wp-content\/uploads\/2024\/09\/Rollenspaltmaschine-RS-12-19.jpg 1920w, https:\/\/ecotech-solutions.de\/wp-content\/uploads\/2024\/09\/Rollenspaltmaschine-RS-12-19-300x169.jpg 300w, https:\/\/ecotech-solutions.de\/wp-content\/uploads\/2024\/09\/Rollenspaltmaschine-RS-12-19-1024x576.jpg 1024w, https:\/\/ecotech-solutions.de\/wp-content\/uploads\/2024\/09\/Rollenspaltmaschine-RS-12-19-768x432.jpg 768w, https:\/\/ecotech-solutions.de\/wp-content\/uploads\/2024\/09\/Rollenspaltmaschine-RS-12-19-1536x864.jpg 1536w\" sizes=\"(max-width: 1920px) 100vw, 1920px\" \/><\/a><\/figure><div class=\"elementor-image-box-content\"><h3 class=\"elementor-image-box-title\"><a href=\"https:\/\/ecotech-solutions.de\/tr\/makarali-yarma-makinesi-rs-12-19\/\">Makaral\u0131 yarma makinesi RS 12-19<\/a><\/h3><p class=\"elementor-image-box-description\"><br><br>Zahmetsiz dilimleme<a href=\"https:\/\/ecotech-solutions.de\/tr\/makarali-yarma-makinesi-rs-12-19\/\" class=\"hover-underline-animation\">Daha fazla<\/a><a href=\"https:\/\/ecotech-solutions.de\/tr\/makarali-yarma-makinesi-rs-12-19\/\" class=\"hover-underline-animation\">bilgi<\/a><\/p><\/div><\/div>\t\t\t\t<\/div>\n\t\t\t\t<\/div>\n\t\t\t\t<div class=\"elementor-element elementor-element-1366a5a elementor-widget__width-initial elementor-widget-mobile__width-inherit spektrum elementor-position-top elementor-widget elementor-widget-image-box\" data-id=\"1366a5a\" data-element_type=\"widget\" data-e-type=\"widget\" data-widget_type=\"image-box.default\">\n\t\t\t\t<div class=\"elementor-widget-container\">\n\t\t\t\t\t<div class=\"elementor-image-box-wrapper\"><figure class=\"elementor-image-box-img\"><a href=\"https:\/\/ecotech-solutions.de\/tr\/makarali-yarma-makinesi-rs-21-25\/\" tabindex=\"-1\"><img decoding=\"async\" width=\"1920\" height=\"1080\" src=\"https:\/\/ecotech-solutions.de\/wp-content\/uploads\/2024\/09\/Rollenspaltmaschine-RS-21-25.jpg\" class=\"attachment-full size-full wp-image-8007\" alt=\"\" srcset=\"https:\/\/ecotech-solutions.de\/wp-content\/uploads\/2024\/09\/Rollenspaltmaschine-RS-21-25.jpg 1920w, https:\/\/ecotech-solutions.de\/wp-content\/uploads\/2024\/09\/Rollenspaltmaschine-RS-21-25-300x169.jpg 300w, https:\/\/ecotech-solutions.de\/wp-content\/uploads\/2024\/09\/Rollenspaltmaschine-RS-21-25-1024x576.jpg 1024w, https:\/\/ecotech-solutions.de\/wp-content\/uploads\/2024\/09\/Rollenspaltmaschine-RS-21-25-768x432.jpg 768w, https:\/\/ecotech-solutions.de\/wp-content\/uploads\/2024\/09\/Rollenspaltmaschine-RS-21-25-1536x864.jpg 1536w\" sizes=\"(max-width: 1920px) 100vw, 1920px\" \/><\/a><\/figure><div class=\"elementor-image-box-content\"><h3 class=\"elementor-image-box-title\"><a href=\"https:\/\/ecotech-solutions.de\/tr\/makarali-yarma-makinesi-rs-21-25\/\">Makaral\u0131 yarma makinesi RS 21-25<\/a><\/h3><p class=\"elementor-image-box-description\"><br><br>Zahmetsiz dilimleme<a href=\"https:\/\/ecotech-solutions.de\/tr\/makarali-yarma-makinesi-rs-21-25\/\" class=\"hover-underline-animation\">Daha fazla<\/a><a href=\"https:\/\/ecotech-solutions.de\/tr\/makarali-yarma-makinesi-rs-21-25\/\" class=\"hover-underline-animation\">bilgi<\/a><\/p><\/div><\/div>\t\t\t\t<\/div>\n\t\t\t\t<\/div>\n\t\t\t\t<div class=\"elementor-element elementor-element-8812631 elementor-widget__width-initial elementor-widget-mobile__width-inherit spektrum elementor-position-top elementor-widget elementor-widget-image-box\" data-id=\"8812631\" data-element_type=\"widget\" data-e-type=\"widget\" data-widget_type=\"image-box.default\">\n\t\t\t\t<div class=\"elementor-widget-container\">\n\t\t\t\t\t<div class=\"elementor-image-box-wrapper\"><figure class=\"elementor-image-box-img\"><a href=\"https:\/\/ecotech-solutions.de\/tr\/makarali-boelme-sistemi-rs-42-50\/\" tabindex=\"-1\"><img loading=\"lazy\" decoding=\"async\" width=\"1920\" height=\"1080\" src=\"https:\/\/ecotech-solutions.de\/wp-content\/uploads\/2024\/09\/Rollenspaltanlage-RS-42-50.jpg\" class=\"attachment-full size-full wp-image-8038\" alt=\"\" srcset=\"https:\/\/ecotech-solutions.de\/wp-content\/uploads\/2024\/09\/Rollenspaltanlage-RS-42-50.jpg 1920w, https:\/\/ecotech-solutions.de\/wp-content\/uploads\/2024\/09\/Rollenspaltanlage-RS-42-50-300x169.jpg 300w, https:\/\/ecotech-solutions.de\/wp-content\/uploads\/2024\/09\/Rollenspaltanlage-RS-42-50-1024x576.jpg 1024w, https:\/\/ecotech-solutions.de\/wp-content\/uploads\/2024\/09\/Rollenspaltanlage-RS-42-50-768x432.jpg 768w, https:\/\/ecotech-solutions.de\/wp-content\/uploads\/2024\/09\/Rollenspaltanlage-RS-42-50-1536x864.jpg 1536w\" sizes=\"(max-width: 1920px) 100vw, 1920px\" \/><\/a><\/figure><div class=\"elementor-image-box-content\"><h3 class=\"elementor-image-box-title\"><a href=\"https:\/\/ecotech-solutions.de\/tr\/makarali-boelme-sistemi-rs-42-50\/\">Makaral\u0131 b\u00f6lme sistemi RS 42-50<\/a><\/h3><p class=\"elementor-image-box-description\"><br><br>Sorunsuz bir proses ak\u0131\u015f\u0131 i\u00e7in konvey\u00f6r teknolojisine sahip komple sistemler<a href=\"https:\/\/ecotech-solutions.de\/tr\/makarali-boelme-sistemi-rs-42-50\/\" class=\"hover-underline-animation\">Daha fazla<\/a><a href=\"https:\/\/ecotech-solutions.de\/tr\/makarali-boelme-sistemi-rs-42-50\/\" class=\"hover-underline-animation\">bilgi<\/a><\/p><\/div><\/div>\t\t\t\t<\/div>\n\t\t\t\t<\/div>\n\t\t\t\t\t<\/div>\n\t\t\t\t<\/div>\n\t\t<div class=\"elementor-element elementor-element-3ad9cb0 e-flex e-con-boxed e-con e-parent\" data-id=\"3ad9cb0\" data-element_type=\"container\" data-e-type=\"container\">\n\t\t\t\t\t<div class=\"e-con-inner\">\n\t\t\t\t<div class=\"elementor-element elementor-element-a0ece35 elementor-widget elementor-widget-template\" data-id=\"a0ece35\" data-element_type=\"widget\" data-e-type=\"widget\" data-widget_type=\"template.default\">\n\t\t\t\t<div class=\"elementor-widget-container\">\n\t\t\t\t\t\t\t<div class=\"elementor-template\">\n\t\t\t\t\t<div data-elementor-type=\"container\" data-elementor-id=\"6184\" class=\"elementor elementor-6184 elementor-3073 elementor-3073\" data-elementor-post-type=\"elementor_library\">\n\t\t\t\t<div class=\"elementor-element elementor-element-74b32463 e-con-full e-flex e-con e-parent\" data-id=\"74b32463\" data-element_type=\"container\" data-e-type=\"container\" data-settings=\"{&quot;background_background&quot;:&quot;classic&quot;}\">\n\t\t\t\t<div class=\"elementor-element elementor-element-28b20a5e elementor-widget-tablet__width-initial elementor-widget elementor-widget-heading\" data-id=\"28b20a5e\" data-element_type=\"widget\" data-e-type=\"widget\" data-widget_type=\"heading.default\">\n\t\t\t\t<div class=\"elementor-widget-container\">\n\t\t\t\t\t<h2 class=\"elementor-heading-title elementor-size-default\">Ecotech Solutions ile gelece\u011fe do\u011fru<\/h2>\t\t\t\t<\/div>\n\t\t\t\t<\/div>\n\t\t\t\t<div class=\"elementor-element elementor-element-1db9aefb elementor-widget__width-initial elementor-widget-tablet__width-inherit elementor-widget elementor-widget-text-editor\" data-id=\"1db9aefb\" data-element_type=\"widget\" data-e-type=\"widget\" data-widget_type=\"text-editor.default\">\n\t\t\t\t<div class=\"elementor-widget-container\">\n\t\t\t\t\t\t\t\t\t<p>Hizmetimiz ve uzmanl\u0131\u011f\u0131m\u0131zla her zaman yan\u0131n\u0131zday\u0131z. Bizimle ileti\u015fime ge\u00e7in ve ba\u011flay\u0131c\u0131 olmayan bir dan\u0131\u015fmanl\u0131k randevusu al\u0131n.<\/p>\n\t\t\t\t\t\t\t\t<\/div>\n\t\t\t\t<\/div>\n\t\t\t\t<div class=\"elementor-element elementor-element-77bf929b elementor-widget__width-inherit elementor-mobile-align-center elementor-align-center elementor-widget elementor-widget-button\" data-id=\"77bf929b\" data-element_type=\"widget\" data-e-type=\"widget\" data-widget_type=\"button.default\">\n\t\t\t\t<div class=\"elementor-widget-container\">\n\t\t\t\t\t\t\t\t\t<div class=\"elementor-button-wrapper\">\n\t\t\t\t\t<a class=\"elementor-button elementor-button-link elementor-size-sm\" href=\"https:\/\/ecotech-solutions.de\/tr\/bize-ulasin\/\">\n\t\t\t\t\t\t<span class=\"elementor-button-content-wrapper\">\n\t\t\t\t\t\t<span class=\"elementor-button-icon\">\n\t\t\t\t<svg xmlns=\"http:\/\/www.w3.org\/2000\/svg\" id=\"Ebene_2\" data-name=\"Ebene 2\" viewBox=\"0 0 9.97 9.97\"><defs><style>      .cls-1 {        fill: currentColor;      }    <\/style><\/defs><g id=\"Ebene_1-2\" data-name=\"Ebene 1\"><path id=\"Icon_material-arrow-outward\" data-name=\"Icon material-arrow-outward\" class=\"cls-1\" d=\"M.77,0v1.53h6.59L0,8.89l1.08,1.08,7.35-7.35v6.59h1.53V0H.77Z\"><\/path><\/g><\/svg>\t\t\t<\/span>\n\t\t\t\t\t\t\t\t\t<span class=\"elementor-button-text\">Bize ula\u015f\u0131n<\/span>\n\t\t\t\t\t<\/span>\n\t\t\t\t\t<\/a>\n\t\t\t\t<\/div>\n\t\t\t\t\t\t\t\t<\/div>\n\t\t\t\t<\/div>\n\t\t\t\t<\/div>\n\t\t\t\t<\/div>\n\t\t\t\t<\/div>\n\t\t\t\t\t\t<\/div>\n\t\t\t\t<\/div>\n\t\t\t\t\t<\/div>\n\t\t\t\t<\/div>\n\t\t\t\t<\/div>\n\t\t","protected":false},"excerpt":{"rendered":"<p>Makaral\u0131 bo\u015fluk sistemleri (giyotinler) Verimli malzeme par\u00e7alama i\u00e7in \u00f6zelle\u015ftirilmi\u015f komple \u00e7\u00f6z\u00fcmler Austropressen&#8217;in rulo dilme hatlar\u0131 at\u0131k ve hurda ka\u011f\u0131t, karton, plastik ve al\u00fcminyum folyo rulolar\u0131n\u0131n kesilmesi ve par\u00e7alanmas\u0131 i\u00e7in hassas ve verimli \u00e7\u00f6z\u00fcmler sunar. Hidrolik giyotinlerimiz 4000 mm geni\u015fli\u011fe ve 2000 mm \u00e7apa kadar rulolar i\u00e7in tasarlanm\u0131\u015ft\u0131r ve rulo kald\u0131r\u0131c\u0131lar, bantl\u0131 konvey\u00f6rler ve \u00e7elik plakal\u0131 [&hellip;]<\/p>\n","protected":false},"author":4,"featured_media":0,"parent":5712,"menu_order":0,"comment_status":"closed","ping_status":"closed","template":"","meta":{"om_disable_all_campaigns":false,"_monsterinsights_skip_tracking":false,"_monsterinsights_sitenote_active":false,"_monsterinsights_sitenote_note":"","_monsterinsights_sitenote_category":0,"_uf_show_specific_survey":0,"_uf_disable_surveys":false,"footnotes":""},"class_list":["post-8479","page","type-page","status-publish","hentry"],"yoast_head":"<!-- This site is optimized with the Yoast SEO Premium plugin v23.5 (Yoast SEO v27.4) - https:\/\/yoast.com\/product\/yoast-seo-premium-wordpress\/ -->\n<title>Makaral\u0131 bo\u015fluk sistemleri (giyotinler) - EcoTech Solutions<\/title>\n<meta name=\"robots\" content=\"index, follow, max-snippet:-1, max-image-preview:large, max-video-preview:-1\" \/>\n<link rel=\"canonical\" href=\"https:\/\/ecotech-solutions.de\/tr\/spektrum\/makarali-bosluk-sistemleri-giyotinler\/\" \/>\n<meta property=\"og:locale\" content=\"tr_TR\" \/>\n<meta property=\"og:type\" content=\"article\" \/>\n<meta property=\"og:title\" content=\"Makaral\u0131 bo\u015fluk sistemleri (giyotinler)\" \/>\n<meta property=\"og:description\" content=\"Makaral\u0131 bo\u015fluk sistemleri (giyotinler) Verimli malzeme par\u00e7alama i\u00e7in \u00f6zelle\u015ftirilmi\u015f komple \u00e7\u00f6z\u00fcmler Austropressen&#8217;in rulo dilme hatlar\u0131 at\u0131k ve hurda ka\u011f\u0131t, karton, plastik ve al\u00fcminyum folyo rulolar\u0131n\u0131n kesilmesi ve par\u00e7alanmas\u0131 i\u00e7in hassas ve verimli \u00e7\u00f6z\u00fcmler sunar. Hidrolik giyotinlerimiz 4000 mm geni\u015fli\u011fe ve 2000 mm \u00e7apa kadar rulolar i\u00e7in tasarlanm\u0131\u015ft\u0131r ve rulo kald\u0131r\u0131c\u0131lar, bantl\u0131 konvey\u00f6rler ve \u00e7elik plakal\u0131 [&hellip;]\" \/>\n<meta property=\"og:url\" content=\"https:\/\/ecotech-solutions.de\/tr\/spektrum\/makarali-bosluk-sistemleri-giyotinler\/\" \/>\n<meta property=\"og:site_name\" content=\"EcoTech Solutions\" \/>\n<meta property=\"article:publisher\" content=\"https:\/\/www.instagram.com\/ecotech_umweltmanagement\/\" \/>\n<meta property=\"article:modified_time\" content=\"2024-09-19T07:57:17+00:00\" \/>\n<meta property=\"og:image\" content=\"https:\/\/ecotech-solutions.de\/wp-content\/uploads\/2024\/04\/UI-Element.svg\" \/>\n<meta name=\"twitter:card\" content=\"summary_large_image\" \/>\n<meta name=\"twitter:label1\" content=\"Tahmini okuma s\u00fcresi\" \/>\n\t<meta name=\"twitter:data1\" content=\"1 dakika\" \/>\n<script type=\"application\/ld+json\" class=\"yoast-schema-graph\">{\"@context\":\"https:\\\/\\\/schema.org\",\"@graph\":[{\"@type\":\"WebPage\",\"@id\":\"https:\\\/\\\/ecotech-solutions.de\\\/tr\\\/spektrum\\\/makarali-bosluk-sistemleri-giyotinler\\\/\",\"url\":\"https:\\\/\\\/ecotech-solutions.de\\\/tr\\\/spektrum\\\/makarali-bosluk-sistemleri-giyotinler\\\/\",\"name\":\"Makaral\u0131 bo\u015fluk sistemleri (giyotinler) - EcoTech Solutions\",\"isPartOf\":{\"@id\":\"https:\\\/\\\/ecotech-solutions.de\\\/tr\\\/#website\"},\"primaryImageOfPage\":{\"@id\":\"https:\\\/\\\/ecotech-solutions.de\\\/tr\\\/spektrum\\\/makarali-bosluk-sistemleri-giyotinler\\\/#primaryimage\"},\"image\":{\"@id\":\"https:\\\/\\\/ecotech-solutions.de\\\/tr\\\/spektrum\\\/makarali-bosluk-sistemleri-giyotinler\\\/#primaryimage\"},\"thumbnailUrl\":\"https:\\\/\\\/ecotech-solutions.de\\\/wp-content\\\/uploads\\\/2024\\\/04\\\/UI-Element.svg\",\"datePublished\":\"2024-09-18T14:17:30+00:00\",\"dateModified\":\"2024-09-19T07:57:17+00:00\",\"breadcrumb\":{\"@id\":\"https:\\\/\\\/ecotech-solutions.de\\\/tr\\\/spektrum\\\/makarali-bosluk-sistemleri-giyotinler\\\/#breadcrumb\"},\"inLanguage\":\"tr\",\"potentialAction\":[{\"@type\":\"ReadAction\",\"target\":[\"https:\\\/\\\/ecotech-solutions.de\\\/tr\\\/spektrum\\\/makarali-bosluk-sistemleri-giyotinler\\\/\"]}]},{\"@type\":\"ImageObject\",\"inLanguage\":\"tr\",\"@id\":\"https:\\\/\\\/ecotech-solutions.de\\\/tr\\\/spektrum\\\/makarali-bosluk-sistemleri-giyotinler\\\/#primaryimage\",\"url\":\"https:\\\/\\\/ecotech-solutions.de\\\/wp-content\\\/uploads\\\/2024\\\/04\\\/UI-Element.svg\",\"contentUrl\":\"https:\\\/\\\/ecotech-solutions.de\\\/wp-content\\\/uploads\\\/2024\\\/04\\\/UI-Element.svg\"},{\"@type\":\"BreadcrumbList\",\"@id\":\"https:\\\/\\\/ecotech-solutions.de\\\/tr\\\/spektrum\\\/makarali-bosluk-sistemleri-giyotinler\\\/#breadcrumb\",\"itemListElement\":[{\"@type\":\"ListItem\",\"position\":1,\"name\":\"Home\",\"item\":\"https:\\\/\\\/ecotech-solutions.de\\\/tr\\\/ecotech-coezuemleri\\\/\"},{\"@type\":\"ListItem\",\"position\":2,\"name\":\"Spektrum\",\"item\":\"https:\\\/\\\/ecotech-solutions.de\\\/tr\\\/spektrum\\\/\"},{\"@type\":\"ListItem\",\"position\":3,\"name\":\"Makaral\u0131 bo\u015fluk sistemleri (giyotinler)\"}]},{\"@type\":\"WebSite\",\"@id\":\"https:\\\/\\\/ecotech-solutions.de\\\/tr\\\/#website\",\"url\":\"https:\\\/\\\/ecotech-solutions.de\\\/tr\\\/\",\"name\":\"EcoTech Solutions Umwelttechnik\",\"description\":\"Umwelttechnik\",\"publisher\":{\"@id\":\"https:\\\/\\\/ecotech-solutions.de\\\/tr\\\/#organization\"},\"potentialAction\":[{\"@type\":\"SearchAction\",\"target\":{\"@type\":\"EntryPoint\",\"urlTemplate\":\"https:\\\/\\\/ecotech-solutions.de\\\/tr\\\/?s={search_term_string}\"},\"query-input\":{\"@type\":\"PropertyValueSpecification\",\"valueRequired\":true,\"valueName\":\"search_term_string\"}}],\"inLanguage\":\"tr\"},{\"@type\":\"Organization\",\"@id\":\"https:\\\/\\\/ecotech-solutions.de\\\/tr\\\/#organization\",\"name\":\"EcoTech Solutions Umwelttechnik\",\"url\":\"https:\\\/\\\/ecotech-solutions.de\\\/tr\\\/\",\"logo\":{\"@type\":\"ImageObject\",\"inLanguage\":\"tr\",\"@id\":\"https:\\\/\\\/ecotech-solutions.de\\\/tr\\\/#\\\/schema\\\/logo\\\/image\\\/\",\"url\":\"https:\\\/\\\/ecotech-solutions.de\\\/wp-content\\\/uploads\\\/2024\\\/04\\\/Logo-Ecotech.svg\",\"contentUrl\":\"https:\\\/\\\/ecotech-solutions.de\\\/wp-content\\\/uploads\\\/2024\\\/04\\\/Logo-Ecotech.svg\",\"width\":1239.54,\"height\":281,\"caption\":\"EcoTech Solutions Umwelttechnik\"},\"image\":{\"@id\":\"https:\\\/\\\/ecotech-solutions.de\\\/tr\\\/#\\\/schema\\\/logo\\\/image\\\/\"},\"sameAs\":[\"https:\\\/\\\/www.instagram.com\\\/ecotech_umweltmanagement\\\/\"]}]}<\/script>\n<!-- \/ Yoast SEO Premium plugin. -->","yoast_head_json":{"title":"Makaral\u0131 bo\u015fluk sistemleri (giyotinler) - EcoTech Solutions","robots":{"index":"index","follow":"follow","max-snippet":"max-snippet:-1","max-image-preview":"max-image-preview:large","max-video-preview":"max-video-preview:-1"},"canonical":"https:\/\/ecotech-solutions.de\/tr\/spektrum\/makarali-bosluk-sistemleri-giyotinler\/","og_locale":"tr_TR","og_type":"article","og_title":"Makaral\u0131 bo\u015fluk sistemleri (giyotinler)","og_description":"Makaral\u0131 bo\u015fluk sistemleri (giyotinler) Verimli malzeme par\u00e7alama i\u00e7in \u00f6zelle\u015ftirilmi\u015f komple \u00e7\u00f6z\u00fcmler Austropressen&#8217;in rulo dilme hatlar\u0131 at\u0131k ve hurda ka\u011f\u0131t, karton, plastik ve al\u00fcminyum folyo rulolar\u0131n\u0131n kesilmesi ve par\u00e7alanmas\u0131 i\u00e7in hassas ve verimli \u00e7\u00f6z\u00fcmler sunar. Hidrolik giyotinlerimiz 4000 mm geni\u015fli\u011fe ve 2000 mm \u00e7apa kadar rulolar i\u00e7in tasarlanm\u0131\u015ft\u0131r ve rulo kald\u0131r\u0131c\u0131lar, bantl\u0131 konvey\u00f6rler ve \u00e7elik plakal\u0131 [&hellip;]","og_url":"https:\/\/ecotech-solutions.de\/tr\/spektrum\/makarali-bosluk-sistemleri-giyotinler\/","og_site_name":"EcoTech Solutions","article_publisher":"https:\/\/www.instagram.com\/ecotech_umweltmanagement\/","article_modified_time":"2024-09-19T07:57:17+00:00","og_image":[{"url":"https:\/\/ecotech-solutions.de\/wp-content\/uploads\/2024\/04\/UI-Element.svg","type":"","width":"","height":""}],"twitter_card":"summary_large_image","twitter_misc":{"Tahmini okuma s\u00fcresi":"1 dakika"},"schema":{"@context":"https:\/\/schema.org","@graph":[{"@type":"WebPage","@id":"https:\/\/ecotech-solutions.de\/tr\/spektrum\/makarali-bosluk-sistemleri-giyotinler\/","url":"https:\/\/ecotech-solutions.de\/tr\/spektrum\/makarali-bosluk-sistemleri-giyotinler\/","name":"Makaral\u0131 bo\u015fluk sistemleri (giyotinler) - EcoTech Solutions","isPartOf":{"@id":"https:\/\/ecotech-solutions.de\/tr\/#website"},"primaryImageOfPage":{"@id":"https:\/\/ecotech-solutions.de\/tr\/spektrum\/makarali-bosluk-sistemleri-giyotinler\/#primaryimage"},"image":{"@id":"https:\/\/ecotech-solutions.de\/tr\/spektrum\/makarali-bosluk-sistemleri-giyotinler\/#primaryimage"},"thumbnailUrl":"https:\/\/ecotech-solutions.de\/wp-content\/uploads\/2024\/04\/UI-Element.svg","datePublished":"2024-09-18T14:17:30+00:00","dateModified":"2024-09-19T07:57:17+00:00","breadcrumb":{"@id":"https:\/\/ecotech-solutions.de\/tr\/spektrum\/makarali-bosluk-sistemleri-giyotinler\/#breadcrumb"},"inLanguage":"tr","potentialAction":[{"@type":"ReadAction","target":["https:\/\/ecotech-solutions.de\/tr\/spektrum\/makarali-bosluk-sistemleri-giyotinler\/"]}]},{"@type":"ImageObject","inLanguage":"tr","@id":"https:\/\/ecotech-solutions.de\/tr\/spektrum\/makarali-bosluk-sistemleri-giyotinler\/#primaryimage","url":"https:\/\/ecotech-solutions.de\/wp-content\/uploads\/2024\/04\/UI-Element.svg","contentUrl":"https:\/\/ecotech-solutions.de\/wp-content\/uploads\/2024\/04\/UI-Element.svg"},{"@type":"BreadcrumbList","@id":"https:\/\/ecotech-solutions.de\/tr\/spektrum\/makarali-bosluk-sistemleri-giyotinler\/#breadcrumb","itemListElement":[{"@type":"ListItem","position":1,"name":"Home","item":"https:\/\/ecotech-solutions.de\/tr\/ecotech-coezuemleri\/"},{"@type":"ListItem","position":2,"name":"Spektrum","item":"https:\/\/ecotech-solutions.de\/tr\/spektrum\/"},{"@type":"ListItem","position":3,"name":"Makaral\u0131 bo\u015fluk sistemleri (giyotinler)"}]},{"@type":"WebSite","@id":"https:\/\/ecotech-solutions.de\/tr\/#website","url":"https:\/\/ecotech-solutions.de\/tr\/","name":"EcoTech Solutions Umwelttechnik","description":"Umwelttechnik","publisher":{"@id":"https:\/\/ecotech-solutions.de\/tr\/#organization"},"potentialAction":[{"@type":"SearchAction","target":{"@type":"EntryPoint","urlTemplate":"https:\/\/ecotech-solutions.de\/tr\/?s={search_term_string}"},"query-input":{"@type":"PropertyValueSpecification","valueRequired":true,"valueName":"search_term_string"}}],"inLanguage":"tr"},{"@type":"Organization","@id":"https:\/\/ecotech-solutions.de\/tr\/#organization","name":"EcoTech Solutions Umwelttechnik","url":"https:\/\/ecotech-solutions.de\/tr\/","logo":{"@type":"ImageObject","inLanguage":"tr","@id":"https:\/\/ecotech-solutions.de\/tr\/#\/schema\/logo\/image\/","url":"https:\/\/ecotech-solutions.de\/wp-content\/uploads\/2024\/04\/Logo-Ecotech.svg","contentUrl":"https:\/\/ecotech-solutions.de\/wp-content\/uploads\/2024\/04\/Logo-Ecotech.svg","width":1239.54,"height":281,"caption":"EcoTech Solutions Umwelttechnik"},"image":{"@id":"https:\/\/ecotech-solutions.de\/tr\/#\/schema\/logo\/image\/"},"sameAs":["https:\/\/www.instagram.com\/ecotech_umweltmanagement\/"]}]}},"_links":{"self":[{"href":"https:\/\/ecotech-solutions.de\/tr\/wp-json\/wp\/v2\/pages\/8479","targetHints":{"allow":["GET"]}}],"collection":[{"href":"https:\/\/ecotech-solutions.de\/tr\/wp-json\/wp\/v2\/pages"}],"about":[{"href":"https:\/\/ecotech-solutions.de\/tr\/wp-json\/wp\/v2\/types\/page"}],"author":[{"embeddable":true,"href":"https:\/\/ecotech-solutions.de\/tr\/wp-json\/wp\/v2\/users\/4"}],"replies":[{"embeddable":true,"href":"https:\/\/ecotech-solutions.de\/tr\/wp-json\/wp\/v2\/comments?post=8479"}],"version-history":[{"count":3,"href":"https:\/\/ecotech-solutions.de\/tr\/wp-json\/wp\/v2\/pages\/8479\/revisions"}],"predecessor-version":[{"id":8739,"href":"https:\/\/ecotech-solutions.de\/tr\/wp-json\/wp\/v2\/pages\/8479\/revisions\/8739"}],"up":[{"embeddable":true,"href":"https:\/\/ecotech-solutions.de\/tr\/wp-json\/wp\/v2\/pages\/5712"}],"wp:attachment":[{"href":"https:\/\/ecotech-solutions.de\/tr\/wp-json\/wp\/v2\/media?parent=8479"}],"curies":[{"name":"wp","href":"https:\/\/api.w.org\/{rel}","templated":true}]}}