{"id":8462,"date":"2024-09-18T14:16:29","date_gmt":"2024-09-18T14:16:29","guid":{"rendered":"https:\/\/ecotech-solutions.de\/spektrum\/koepuek-presleri\/"},"modified":"2024-09-19T07:42:47","modified_gmt":"2024-09-19T07:42:47","slug":"koepuek-presleri","status":"publish","type":"page","link":"https:\/\/ecotech-solutions.de\/tr\/spektrum\/koepuek-presleri\/","title":{"rendered":"K\u00f6p\u00fck presleri"},"content":{"rendered":"\t\t<div data-elementor-type=\"wp-page\" data-elementor-id=\"8462\" class=\"elementor elementor-8462 elementor-8458\" data-elementor-post-type=\"page\">\n\t\t\t\t<div class=\"elementor-element elementor-element-93a9b31 e-flex e-con-boxed e-con e-parent\" data-id=\"93a9b31\" data-element_type=\"container\" data-e-type=\"container\" data-settings=\"{&quot;background_background&quot;:&quot;classic&quot;}\">\n\t\t\t\t\t<div class=\"e-con-inner\">\n\t\t\t\t<div class=\"elementor-element elementor-element-144644c elementor-widget__width-auto elementor-widget elementor-widget-heading\" data-id=\"144644c\" data-element_type=\"widget\" data-e-type=\"widget\" data-widget_type=\"heading.default\">\n\t\t\t\t<div class=\"elementor-widget-container\">\n\t\t\t\t\t<h1 class=\"elementor-heading-title elementor-size-default\">K\u00f6p\u00fck presleri<\/h1>\t\t\t\t<\/div>\n\t\t\t\t<\/div>\n\t\t\t\t<div class=\"elementor-element elementor-element-d39d5aa elementor-widget__width-inherit elementor-widget elementor-widget-heading\" data-id=\"d39d5aa\" data-element_type=\"widget\" data-e-type=\"widget\" data-widget_type=\"heading.default\">\n\t\t\t\t<div class=\"elementor-widget-container\">\n\t\t\t\t\t<h2 class=\"elementor-heading-title elementor-size-default\">K\u00f6p\u00fckler ve lastikler gibi geni\u015fleyen malzemeler i\u00e7in verimli s\u0131k\u0131\u015ft\u0131rma<\/h2>\t\t\t\t<\/div>\n\t\t\t\t<\/div>\n\t\t\t\t\t<\/div>\n\t\t\t\t<\/div>\n\t\t<div class=\"elementor-element elementor-element-b092d80 e-flex e-con-boxed e-con e-parent\" data-id=\"b092d80\" data-element_type=\"container\" data-e-type=\"container\">\n\t\t\t\t\t<div class=\"e-con-inner\">\n\t\t<div class=\"elementor-element elementor-element-c68f473 e-con-full e-flex e-con e-child\" data-id=\"c68f473\" data-element_type=\"container\" data-e-type=\"container\">\n\t\t\t\t<div class=\"elementor-element elementor-element-abfcd9b elementor-widget__width-initial elementor-widget elementor-widget-text-editor\" data-id=\"abfcd9b\" data-element_type=\"widget\" data-e-type=\"widget\" data-widget_type=\"text-editor.default\">\n\t\t\t\t<div class=\"elementor-widget-container\">\n\t\t\t\t\t\t\t\t\t<p>K\u00f6p\u00fck balya makinelerimiz k\u00f6p\u00fck, lateks ve lastik gibi malzemelerden kaynaklanan at\u0131k hacminin etkili bir \u015fekilde azalt\u0131lmas\u0131n\u0131 sa\u011flar.<br \/>\nSabit balyalar halinde s\u0131k\u0131\u015ft\u0131rma ve demetleme sayesinde depolama, nakliye ve bertaraf maliyetleri \u00f6nemli \u00f6l\u00e7\u00fcde azalt\u0131labilir.<br \/>\n\u00d6zellikle geni\u015f malzemelerde, g\u00fcvenlik risklerinden ka\u00e7\u0131nmak i\u00e7in do\u011fru balya makinesinin se\u00e7ilmesi \u00e7ok \u00f6nemlidir.<br \/>\nAustropressen, hidrolik olarak kontrol edilen doldurma kapaklar\u0131, makine verilerinin s\u00fcrekli izlenmesi ve maksimum boyutsal stabilite ve g\u00fcvenlik sa\u011flayan 8 ila 9 kat \u00e7apraz ba\u011flama ile sofistike bir teknoloji sunar.   <\/p>\n\t\t\t\t\t\t\t\t<\/div>\n\t\t\t\t<\/div>\n\t\t\t\t<\/div>\n\t\t<div class=\"elementor-element elementor-element-4874ba4 e-con-full e-flex e-con e-child\" data-id=\"4874ba4\" data-element_type=\"container\" data-e-type=\"container\">\n\t\t\t\t<div class=\"elementor-element elementor-element-5859237 elementor-widget elementor-widget-image\" data-id=\"5859237\" data-element_type=\"widget\" data-e-type=\"widget\" data-widget_type=\"image.default\">\n\t\t\t\t<div class=\"elementor-widget-container\">\n\t\t\t\t\t\t\t\t\t\t\t\t\t\t\t<img fetchpriority=\"high\" decoding=\"async\" width=\"529\" height=\"741\" src=\"https:\/\/ecotech-solutions.de\/wp-content\/uploads\/2024\/04\/UI-Element.svg\" class=\"attachment-large size-large wp-image-3890\" alt=\"\" \/>\t\t\t\t\t\t\t\t\t\t\t\t\t\t\t<\/div>\n\t\t\t\t<\/div>\n\t\t\t\t<\/div>\n\t\t\t\t\t<\/div>\n\t\t\t\t<\/div>\n\t\t<div class=\"elementor-element elementor-element-0707bd9 e-flex e-con-boxed e-con e-parent\" data-id=\"0707bd9\" data-element_type=\"container\" data-e-type=\"container\">\n\t\t\t\t\t<div class=\"e-con-inner\">\n\t\t\t\t<div class=\"elementor-element elementor-element-a4da926 elementor-widget__width-inherit elementor-widget elementor-widget-heading\" data-id=\"a4da926\" data-element_type=\"widget\" data-e-type=\"widget\" data-widget_type=\"heading.default\">\n\t\t\t\t<div class=\"elementor-widget-container\">\n\t\t\t\t\t<h2 class=\"elementor-heading-title elementor-size-default\">K\u00f6p\u00fck preslerimiz<\/h2>\t\t\t\t<\/div>\n\t\t\t\t<\/div>\n\t\t\t\t<div class=\"elementor-element elementor-element-0340bd4 elementor-widget__width-initial elementor-widget-mobile__width-inherit spektrum elementor-position-top elementor-widget elementor-widget-image-box\" data-id=\"0340bd4\" data-element_type=\"widget\" data-e-type=\"widget\" data-widget_type=\"image-box.default\">\n\t\t\t\t<div class=\"elementor-widget-container\">\n\t\t\t\t\t<div class=\"elementor-image-box-wrapper\"><figure class=\"elementor-image-box-img\"><a href=\"https:\/\/ecotech-solutions.de\/tr\/koepuek-pres-ap-42f\/\" tabindex=\"-1\"><img decoding=\"async\" width=\"1920\" height=\"1080\" src=\"https:\/\/ecotech-solutions.de\/wp-content\/uploads\/2024\/09\/Schaumstoffpresse-AP-42F.jpg\" class=\"attachment-full size-full wp-image-7632\" alt=\"\" srcset=\"https:\/\/ecotech-solutions.de\/wp-content\/uploads\/2024\/09\/Schaumstoffpresse-AP-42F.jpg 1920w, https:\/\/ecotech-solutions.de\/wp-content\/uploads\/2024\/09\/Schaumstoffpresse-AP-42F-300x169.jpg 300w, https:\/\/ecotech-solutions.de\/wp-content\/uploads\/2024\/09\/Schaumstoffpresse-AP-42F-1024x576.jpg 1024w, https:\/\/ecotech-solutions.de\/wp-content\/uploads\/2024\/09\/Schaumstoffpresse-AP-42F-768x432.jpg 768w, https:\/\/ecotech-solutions.de\/wp-content\/uploads\/2024\/09\/Schaumstoffpresse-AP-42F-1536x864.jpg 1536w\" sizes=\"(max-width: 1920px) 100vw, 1920px\" \/><\/a><\/figure><div class=\"elementor-image-box-content\"><h3 class=\"elementor-image-box-title\"><a href=\"https:\/\/ecotech-solutions.de\/tr\/koepuek-pres-ap-42f\/\">K\u00f6p\u00fck pres AP-42F<\/a><\/h3><p class=\"elementor-image-box-description\"><br><br>Geli\u015fmi\u015f teknoloji<a href=\"https:\/\/ecotech-solutions.de\/tr\/koepuek-pres-ap-42f\/\" class=\"hover-underline-animation\">Daha fazla bilgi<\/a><a href=\"https:\/\/ecotech-solutions.de\/tr\/koepuek-pres-ap-42f\/\" class=\"hover-underline-animation\">edinin<\/a><\/p><\/div><\/div>\t\t\t\t<\/div>\n\t\t\t\t<\/div>\n\t\t\t\t<div class=\"elementor-element elementor-element-69b5af9 elementor-widget__width-initial elementor-widget-mobile__width-inherit spektrum elementor-position-top elementor-widget elementor-widget-image-box\" data-id=\"69b5af9\" data-element_type=\"widget\" data-e-type=\"widget\" data-widget_type=\"image-box.default\">\n\t\t\t\t<div class=\"elementor-widget-container\">\n\t\t\t\t\t<div class=\"elementor-image-box-wrapper\"><figure class=\"elementor-image-box-img\"><a href=\"https:\/\/ecotech-solutions.de\/tr\/otomatik-koepuek-presi-apk-f\/\" tabindex=\"-1\"><img decoding=\"async\" width=\"1920\" height=\"1080\" src=\"https:\/\/ecotech-solutions.de\/wp-content\/uploads\/2024\/09\/Automatische-Schaumstoffpresse-APK-F.jpg\" class=\"attachment-full size-full wp-image-7660\" alt=\"\" srcset=\"https:\/\/ecotech-solutions.de\/wp-content\/uploads\/2024\/09\/Automatische-Schaumstoffpresse-APK-F.jpg 1920w, https:\/\/ecotech-solutions.de\/wp-content\/uploads\/2024\/09\/Automatische-Schaumstoffpresse-APK-F-300x169.jpg 300w, https:\/\/ecotech-solutions.de\/wp-content\/uploads\/2024\/09\/Automatische-Schaumstoffpresse-APK-F-1024x576.jpg 1024w, https:\/\/ecotech-solutions.de\/wp-content\/uploads\/2024\/09\/Automatische-Schaumstoffpresse-APK-F-768x432.jpg 768w, https:\/\/ecotech-solutions.de\/wp-content\/uploads\/2024\/09\/Automatische-Schaumstoffpresse-APK-F-1536x864.jpg 1536w\" sizes=\"(max-width: 1920px) 100vw, 1920px\" \/><\/a><\/figure><div class=\"elementor-image-box-content\"><h3 class=\"elementor-image-box-title\"><a href=\"https:\/\/ecotech-solutions.de\/tr\/otomatik-koepuek-presi-apk-f\/\">Otomatik k\u00f6p\u00fck presi APK-F<\/a><\/h3><p class=\"elementor-image-box-description\"><br><br>Geli\u015fmi\u015f teknoloji - tam otomatik<a href=\"https:\/\/ecotech-solutions.de\/tr\/otomatik-koepuek-presi-apk-f\/\" class=\"hover-underline-animation\">Daha fazla bilgi<\/a><a href=\"https:\/\/ecotech-solutions.de\/tr\/otomatik-koepuek-presi-apk-f\/\" class=\"hover-underline-animation\">edinin<\/a><\/p><\/div><\/div>\t\t\t\t<\/div>\n\t\t\t\t<\/div>\n\t\t\t\t\t<\/div>\n\t\t\t\t<\/div>\n\t\t<div class=\"elementor-element elementor-element-ad8f632 e-flex e-con-boxed e-con e-parent\" data-id=\"ad8f632\" data-element_type=\"container\" data-e-type=\"container\">\n\t\t\t\t\t<div class=\"e-con-inner\">\n\t\t\t\t<div class=\"elementor-element elementor-element-02cf42d elementor-widget elementor-widget-template\" data-id=\"02cf42d\" data-element_type=\"widget\" data-e-type=\"widget\" data-widget_type=\"template.default\">\n\t\t\t\t<div class=\"elementor-widget-container\">\n\t\t\t\t\t\t\t<div class=\"elementor-template\">\n\t\t\t\t\t<div data-elementor-type=\"container\" data-elementor-id=\"6184\" class=\"elementor elementor-6184 elementor-3073 elementor-3073\" data-elementor-post-type=\"elementor_library\">\n\t\t\t\t<div class=\"elementor-element elementor-element-74b32463 e-con-full e-flex e-con e-parent\" data-id=\"74b32463\" data-element_type=\"container\" data-e-type=\"container\" data-settings=\"{&quot;background_background&quot;:&quot;classic&quot;}\">\n\t\t\t\t<div class=\"elementor-element elementor-element-28b20a5e elementor-widget-tablet__width-initial elementor-widget elementor-widget-heading\" data-id=\"28b20a5e\" data-element_type=\"widget\" data-e-type=\"widget\" data-widget_type=\"heading.default\">\n\t\t\t\t<div class=\"elementor-widget-container\">\n\t\t\t\t\t<h2 class=\"elementor-heading-title elementor-size-default\">Ecotech Solutions ile gelece\u011fe do\u011fru<\/h2>\t\t\t\t<\/div>\n\t\t\t\t<\/div>\n\t\t\t\t<div class=\"elementor-element elementor-element-1db9aefb elementor-widget__width-initial elementor-widget-tablet__width-inherit elementor-widget elementor-widget-text-editor\" data-id=\"1db9aefb\" data-element_type=\"widget\" data-e-type=\"widget\" data-widget_type=\"text-editor.default\">\n\t\t\t\t<div class=\"elementor-widget-container\">\n\t\t\t\t\t\t\t\t\t<p>Hizmetimiz ve uzmanl\u0131\u011f\u0131m\u0131zla her zaman yan\u0131n\u0131zday\u0131z. Bizimle ileti\u015fime ge\u00e7in ve ba\u011flay\u0131c\u0131 olmayan bir dan\u0131\u015fmanl\u0131k randevusu al\u0131n.<\/p>\n\t\t\t\t\t\t\t\t<\/div>\n\t\t\t\t<\/div>\n\t\t\t\t<div class=\"elementor-element elementor-element-77bf929b elementor-widget__width-inherit elementor-mobile-align-center elementor-align-center elementor-widget elementor-widget-button\" data-id=\"77bf929b\" data-element_type=\"widget\" data-e-type=\"widget\" data-widget_type=\"button.default\">\n\t\t\t\t<div class=\"elementor-widget-container\">\n\t\t\t\t\t\t\t\t\t<div class=\"elementor-button-wrapper\">\n\t\t\t\t\t<a class=\"elementor-button elementor-button-link elementor-size-sm\" href=\"https:\/\/ecotech-solutions.de\/tr\/bize-ulasin\/\">\n\t\t\t\t\t\t<span class=\"elementor-button-content-wrapper\">\n\t\t\t\t\t\t<span class=\"elementor-button-icon\">\n\t\t\t\t<svg xmlns=\"http:\/\/www.w3.org\/2000\/svg\" id=\"Ebene_2\" data-name=\"Ebene 2\" viewBox=\"0 0 9.97 9.97\"><defs><style>      .cls-1 {        fill: currentColor;      }    <\/style><\/defs><g id=\"Ebene_1-2\" data-name=\"Ebene 1\"><path id=\"Icon_material-arrow-outward\" data-name=\"Icon material-arrow-outward\" class=\"cls-1\" d=\"M.77,0v1.53h6.59L0,8.89l1.08,1.08,7.35-7.35v6.59h1.53V0H.77Z\"><\/path><\/g><\/svg>\t\t\t<\/span>\n\t\t\t\t\t\t\t\t\t<span class=\"elementor-button-text\">Bize ula\u015f\u0131n<\/span>\n\t\t\t\t\t<\/span>\n\t\t\t\t\t<\/a>\n\t\t\t\t<\/div>\n\t\t\t\t\t\t\t\t<\/div>\n\t\t\t\t<\/div>\n\t\t\t\t<\/div>\n\t\t\t\t<\/div>\n\t\t\t\t<\/div>\n\t\t\t\t\t\t<\/div>\n\t\t\t\t<\/div>\n\t\t\t\t\t<\/div>\n\t\t\t\t<\/div>\n\t\t\t\t<\/div>\n\t\t","protected":false},"excerpt":{"rendered":"<p>K\u00f6p\u00fck presleri K\u00f6p\u00fckler ve lastikler gibi geni\u015fleyen malzemeler i\u00e7in verimli s\u0131k\u0131\u015ft\u0131rma K\u00f6p\u00fck balya makinelerimiz k\u00f6p\u00fck, lateks ve lastik gibi malzemelerden kaynaklanan at\u0131k hacminin etkili bir \u015fekilde azalt\u0131lmas\u0131n\u0131 sa\u011flar. Sabit balyalar halinde s\u0131k\u0131\u015ft\u0131rma ve demetleme sayesinde depolama, nakliye ve bertaraf maliyetleri \u00f6nemli \u00f6l\u00e7\u00fcde azalt\u0131labilir. \u00d6zellikle geni\u015f malzemelerde, g\u00fcvenlik risklerinden ka\u00e7\u0131nmak i\u00e7in do\u011fru balya makinesinin se\u00e7ilmesi \u00e7ok [&hellip;]<\/p>\n","protected":false},"author":4,"featured_media":0,"parent":5712,"menu_order":0,"comment_status":"closed","ping_status":"closed","template":"","meta":{"om_disable_all_campaigns":false,"_monsterinsights_skip_tracking":false,"_monsterinsights_sitenote_active":false,"_monsterinsights_sitenote_note":"","_monsterinsights_sitenote_category":0,"_uf_show_specific_survey":0,"_uf_disable_surveys":false,"footnotes":""},"class_list":["post-8462","page","type-page","status-publish","hentry"],"yoast_head":"<!-- This site is optimized with the Yoast SEO Premium plugin v23.5 (Yoast SEO v27.4) - https:\/\/yoast.com\/product\/yoast-seo-premium-wordpress\/ -->\n<title>K\u00f6p\u00fck presleri - EcoTech Solutions<\/title>\n<meta name=\"robots\" content=\"index, follow, max-snippet:-1, max-image-preview:large, max-video-preview:-1\" \/>\n<link rel=\"canonical\" href=\"https:\/\/ecotech-solutions.de\/tr\/spektrum\/koepuek-presleri\/\" \/>\n<meta property=\"og:locale\" content=\"tr_TR\" \/>\n<meta property=\"og:type\" content=\"article\" \/>\n<meta property=\"og:title\" content=\"K\u00f6p\u00fck presleri\" \/>\n<meta property=\"og:description\" content=\"K\u00f6p\u00fck presleri K\u00f6p\u00fckler ve lastikler gibi geni\u015fleyen malzemeler i\u00e7in verimli s\u0131k\u0131\u015ft\u0131rma K\u00f6p\u00fck balya makinelerimiz k\u00f6p\u00fck, lateks ve lastik gibi malzemelerden kaynaklanan at\u0131k hacminin etkili bir \u015fekilde azalt\u0131lmas\u0131n\u0131 sa\u011flar. Sabit balyalar halinde s\u0131k\u0131\u015ft\u0131rma ve demetleme sayesinde depolama, nakliye ve bertaraf maliyetleri \u00f6nemli \u00f6l\u00e7\u00fcde azalt\u0131labilir. \u00d6zellikle geni\u015f malzemelerde, g\u00fcvenlik risklerinden ka\u00e7\u0131nmak i\u00e7in do\u011fru balya makinesinin se\u00e7ilmesi \u00e7ok [&hellip;]\" \/>\n<meta property=\"og:url\" content=\"https:\/\/ecotech-solutions.de\/tr\/spektrum\/koepuek-presleri\/\" \/>\n<meta property=\"og:site_name\" content=\"EcoTech Solutions\" \/>\n<meta property=\"article:publisher\" content=\"https:\/\/www.instagram.com\/ecotech_umweltmanagement\/\" \/>\n<meta property=\"article:modified_time\" content=\"2024-09-19T07:42:47+00:00\" \/>\n<meta property=\"og:image\" content=\"https:\/\/ecotech-solutions.de\/wp-content\/uploads\/2024\/04\/UI-Element.svg\" \/>\n<meta name=\"twitter:card\" content=\"summary_large_image\" \/>\n<meta name=\"twitter:label1\" content=\"Tahmini okuma s\u00fcresi\" \/>\n\t<meta name=\"twitter:data1\" content=\"1 dakika\" \/>\n<script type=\"application\/ld+json\" class=\"yoast-schema-graph\">{\"@context\":\"https:\\\/\\\/schema.org\",\"@graph\":[{\"@type\":\"WebPage\",\"@id\":\"https:\\\/\\\/ecotech-solutions.de\\\/tr\\\/spektrum\\\/koepuek-presleri\\\/\",\"url\":\"https:\\\/\\\/ecotech-solutions.de\\\/tr\\\/spektrum\\\/koepuek-presleri\\\/\",\"name\":\"K\u00f6p\u00fck presleri - EcoTech Solutions\",\"isPartOf\":{\"@id\":\"https:\\\/\\\/ecotech-solutions.de\\\/tr\\\/#website\"},\"primaryImageOfPage\":{\"@id\":\"https:\\\/\\\/ecotech-solutions.de\\\/tr\\\/spektrum\\\/koepuek-presleri\\\/#primaryimage\"},\"image\":{\"@id\":\"https:\\\/\\\/ecotech-solutions.de\\\/tr\\\/spektrum\\\/koepuek-presleri\\\/#primaryimage\"},\"thumbnailUrl\":\"https:\\\/\\\/ecotech-solutions.de\\\/wp-content\\\/uploads\\\/2024\\\/04\\\/UI-Element.svg\",\"datePublished\":\"2024-09-18T14:16:29+00:00\",\"dateModified\":\"2024-09-19T07:42:47+00:00\",\"breadcrumb\":{\"@id\":\"https:\\\/\\\/ecotech-solutions.de\\\/tr\\\/spektrum\\\/koepuek-presleri\\\/#breadcrumb\"},\"inLanguage\":\"tr\",\"potentialAction\":[{\"@type\":\"ReadAction\",\"target\":[\"https:\\\/\\\/ecotech-solutions.de\\\/tr\\\/spektrum\\\/koepuek-presleri\\\/\"]}]},{\"@type\":\"ImageObject\",\"inLanguage\":\"tr\",\"@id\":\"https:\\\/\\\/ecotech-solutions.de\\\/tr\\\/spektrum\\\/koepuek-presleri\\\/#primaryimage\",\"url\":\"https:\\\/\\\/ecotech-solutions.de\\\/wp-content\\\/uploads\\\/2024\\\/04\\\/UI-Element.svg\",\"contentUrl\":\"https:\\\/\\\/ecotech-solutions.de\\\/wp-content\\\/uploads\\\/2024\\\/04\\\/UI-Element.svg\"},{\"@type\":\"BreadcrumbList\",\"@id\":\"https:\\\/\\\/ecotech-solutions.de\\\/tr\\\/spektrum\\\/koepuek-presleri\\\/#breadcrumb\",\"itemListElement\":[{\"@type\":\"ListItem\",\"position\":1,\"name\":\"Home\",\"item\":\"https:\\\/\\\/ecotech-solutions.de\\\/tr\\\/ecotech-coezuemleri\\\/\"},{\"@type\":\"ListItem\",\"position\":2,\"name\":\"Spektrum\",\"item\":\"https:\\\/\\\/ecotech-solutions.de\\\/tr\\\/spektrum\\\/\"},{\"@type\":\"ListItem\",\"position\":3,\"name\":\"K\u00f6p\u00fck presleri\"}]},{\"@type\":\"WebSite\",\"@id\":\"https:\\\/\\\/ecotech-solutions.de\\\/tr\\\/#website\",\"url\":\"https:\\\/\\\/ecotech-solutions.de\\\/tr\\\/\",\"name\":\"EcoTech Solutions Umwelttechnik\",\"description\":\"Umwelttechnik\",\"publisher\":{\"@id\":\"https:\\\/\\\/ecotech-solutions.de\\\/tr\\\/#organization\"},\"potentialAction\":[{\"@type\":\"SearchAction\",\"target\":{\"@type\":\"EntryPoint\",\"urlTemplate\":\"https:\\\/\\\/ecotech-solutions.de\\\/tr\\\/?s={search_term_string}\"},\"query-input\":{\"@type\":\"PropertyValueSpecification\",\"valueRequired\":true,\"valueName\":\"search_term_string\"}}],\"inLanguage\":\"tr\"},{\"@type\":\"Organization\",\"@id\":\"https:\\\/\\\/ecotech-solutions.de\\\/tr\\\/#organization\",\"name\":\"EcoTech Solutions Umwelttechnik\",\"url\":\"https:\\\/\\\/ecotech-solutions.de\\\/tr\\\/\",\"logo\":{\"@type\":\"ImageObject\",\"inLanguage\":\"tr\",\"@id\":\"https:\\\/\\\/ecotech-solutions.de\\\/tr\\\/#\\\/schema\\\/logo\\\/image\\\/\",\"url\":\"https:\\\/\\\/ecotech-solutions.de\\\/wp-content\\\/uploads\\\/2024\\\/04\\\/Logo-Ecotech.svg\",\"contentUrl\":\"https:\\\/\\\/ecotech-solutions.de\\\/wp-content\\\/uploads\\\/2024\\\/04\\\/Logo-Ecotech.svg\",\"width\":1239.54,\"height\":281,\"caption\":\"EcoTech Solutions Umwelttechnik\"},\"image\":{\"@id\":\"https:\\\/\\\/ecotech-solutions.de\\\/tr\\\/#\\\/schema\\\/logo\\\/image\\\/\"},\"sameAs\":[\"https:\\\/\\\/www.instagram.com\\\/ecotech_umweltmanagement\\\/\"]}]}<\/script>\n<!-- \/ Yoast SEO Premium plugin. -->","yoast_head_json":{"title":"K\u00f6p\u00fck presleri - EcoTech Solutions","robots":{"index":"index","follow":"follow","max-snippet":"max-snippet:-1","max-image-preview":"max-image-preview:large","max-video-preview":"max-video-preview:-1"},"canonical":"https:\/\/ecotech-solutions.de\/tr\/spektrum\/koepuek-presleri\/","og_locale":"tr_TR","og_type":"article","og_title":"K\u00f6p\u00fck presleri","og_description":"K\u00f6p\u00fck presleri K\u00f6p\u00fckler ve lastikler gibi geni\u015fleyen malzemeler i\u00e7in verimli s\u0131k\u0131\u015ft\u0131rma K\u00f6p\u00fck balya makinelerimiz k\u00f6p\u00fck, lateks ve lastik gibi malzemelerden kaynaklanan at\u0131k hacminin etkili bir \u015fekilde azalt\u0131lmas\u0131n\u0131 sa\u011flar. Sabit balyalar halinde s\u0131k\u0131\u015ft\u0131rma ve demetleme sayesinde depolama, nakliye ve bertaraf maliyetleri \u00f6nemli \u00f6l\u00e7\u00fcde azalt\u0131labilir. \u00d6zellikle geni\u015f malzemelerde, g\u00fcvenlik risklerinden ka\u00e7\u0131nmak i\u00e7in do\u011fru balya makinesinin se\u00e7ilmesi \u00e7ok [&hellip;]","og_url":"https:\/\/ecotech-solutions.de\/tr\/spektrum\/koepuek-presleri\/","og_site_name":"EcoTech Solutions","article_publisher":"https:\/\/www.instagram.com\/ecotech_umweltmanagement\/","article_modified_time":"2024-09-19T07:42:47+00:00","og_image":[{"url":"https:\/\/ecotech-solutions.de\/wp-content\/uploads\/2024\/04\/UI-Element.svg","type":"","width":"","height":""}],"twitter_card":"summary_large_image","twitter_misc":{"Tahmini okuma s\u00fcresi":"1 dakika"},"schema":{"@context":"https:\/\/schema.org","@graph":[{"@type":"WebPage","@id":"https:\/\/ecotech-solutions.de\/tr\/spektrum\/koepuek-presleri\/","url":"https:\/\/ecotech-solutions.de\/tr\/spektrum\/koepuek-presleri\/","name":"K\u00f6p\u00fck presleri - EcoTech Solutions","isPartOf":{"@id":"https:\/\/ecotech-solutions.de\/tr\/#website"},"primaryImageOfPage":{"@id":"https:\/\/ecotech-solutions.de\/tr\/spektrum\/koepuek-presleri\/#primaryimage"},"image":{"@id":"https:\/\/ecotech-solutions.de\/tr\/spektrum\/koepuek-presleri\/#primaryimage"},"thumbnailUrl":"https:\/\/ecotech-solutions.de\/wp-content\/uploads\/2024\/04\/UI-Element.svg","datePublished":"2024-09-18T14:16:29+00:00","dateModified":"2024-09-19T07:42:47+00:00","breadcrumb":{"@id":"https:\/\/ecotech-solutions.de\/tr\/spektrum\/koepuek-presleri\/#breadcrumb"},"inLanguage":"tr","potentialAction":[{"@type":"ReadAction","target":["https:\/\/ecotech-solutions.de\/tr\/spektrum\/koepuek-presleri\/"]}]},{"@type":"ImageObject","inLanguage":"tr","@id":"https:\/\/ecotech-solutions.de\/tr\/spektrum\/koepuek-presleri\/#primaryimage","url":"https:\/\/ecotech-solutions.de\/wp-content\/uploads\/2024\/04\/UI-Element.svg","contentUrl":"https:\/\/ecotech-solutions.de\/wp-content\/uploads\/2024\/04\/UI-Element.svg"},{"@type":"BreadcrumbList","@id":"https:\/\/ecotech-solutions.de\/tr\/spektrum\/koepuek-presleri\/#breadcrumb","itemListElement":[{"@type":"ListItem","position":1,"name":"Home","item":"https:\/\/ecotech-solutions.de\/tr\/ecotech-coezuemleri\/"},{"@type":"ListItem","position":2,"name":"Spektrum","item":"https:\/\/ecotech-solutions.de\/tr\/spektrum\/"},{"@type":"ListItem","position":3,"name":"K\u00f6p\u00fck presleri"}]},{"@type":"WebSite","@id":"https:\/\/ecotech-solutions.de\/tr\/#website","url":"https:\/\/ecotech-solutions.de\/tr\/","name":"EcoTech Solutions Umwelttechnik","description":"Umwelttechnik","publisher":{"@id":"https:\/\/ecotech-solutions.de\/tr\/#organization"},"potentialAction":[{"@type":"SearchAction","target":{"@type":"EntryPoint","urlTemplate":"https:\/\/ecotech-solutions.de\/tr\/?s={search_term_string}"},"query-input":{"@type":"PropertyValueSpecification","valueRequired":true,"valueName":"search_term_string"}}],"inLanguage":"tr"},{"@type":"Organization","@id":"https:\/\/ecotech-solutions.de\/tr\/#organization","name":"EcoTech Solutions Umwelttechnik","url":"https:\/\/ecotech-solutions.de\/tr\/","logo":{"@type":"ImageObject","inLanguage":"tr","@id":"https:\/\/ecotech-solutions.de\/tr\/#\/schema\/logo\/image\/","url":"https:\/\/ecotech-solutions.de\/wp-content\/uploads\/2024\/04\/Logo-Ecotech.svg","contentUrl":"https:\/\/ecotech-solutions.de\/wp-content\/uploads\/2024\/04\/Logo-Ecotech.svg","width":1239.54,"height":281,"caption":"EcoTech Solutions Umwelttechnik"},"image":{"@id":"https:\/\/ecotech-solutions.de\/tr\/#\/schema\/logo\/image\/"},"sameAs":["https:\/\/www.instagram.com\/ecotech_umweltmanagement\/"]}]}},"_links":{"self":[{"href":"https:\/\/ecotech-solutions.de\/tr\/wp-json\/wp\/v2\/pages\/8462","targetHints":{"allow":["GET"]}}],"collection":[{"href":"https:\/\/ecotech-solutions.de\/tr\/wp-json\/wp\/v2\/pages"}],"about":[{"href":"https:\/\/ecotech-solutions.de\/tr\/wp-json\/wp\/v2\/types\/page"}],"author":[{"embeddable":true,"href":"https:\/\/ecotech-solutions.de\/tr\/wp-json\/wp\/v2\/users\/4"}],"replies":[{"embeddable":true,"href":"https:\/\/ecotech-solutions.de\/tr\/wp-json\/wp\/v2\/comments?post=8462"}],"version-history":[{"count":4,"href":"https:\/\/ecotech-solutions.de\/tr\/wp-json\/wp\/v2\/pages\/8462\/revisions"}],"predecessor-version":[{"id":8696,"href":"https:\/\/ecotech-solutions.de\/tr\/wp-json\/wp\/v2\/pages\/8462\/revisions\/8696"}],"up":[{"embeddable":true,"href":"https:\/\/ecotech-solutions.de\/tr\/wp-json\/wp\/v2\/pages\/5712"}],"wp:attachment":[{"href":"https:\/\/ecotech-solutions.de\/tr\/wp-json\/wp\/v2\/media?parent=8462"}],"curies":[{"name":"wp","href":"https:\/\/api.w.org\/{rel}","templated":true}]}}