{"id":5632,"date":"2024-04-16T09:24:50","date_gmt":"2024-04-16T09:24:50","guid":{"rendered":"https:\/\/ecotech-solutions.de\/bize-ulasin\/"},"modified":"2025-04-10T13:52:38","modified_gmt":"2025-04-10T13:52:38","slug":"bize-ulasin","status":"publish","type":"page","link":"https:\/\/ecotech-solutions.de\/tr\/bize-ulasin\/","title":{"rendered":"Bize ula\u015f\u0131n"},"content":{"rendered":"\t\t<div data-elementor-type=\"wp-page\" data-elementor-id=\"5632\" class=\"elementor elementor-5632 elementor-3378\" data-elementor-post-type=\"page\">\n\t\t\t\t<div class=\"elementor-element elementor-element-0b79ef6 e-flex e-con-boxed e-con e-parent\" data-id=\"0b79ef6\" data-element_type=\"container\" data-e-type=\"container\" data-settings=\"{&quot;background_background&quot;:&quot;classic&quot;}\">\n\t\t\t\t\t<div class=\"e-con-inner\">\n\t\t<div class=\"elementor-element elementor-element-445ab1f e-con-full e-flex e-con e-child\" data-id=\"445ab1f\" data-element_type=\"container\" data-e-type=\"container\">\n\t\t\t\t<div class=\"elementor-element elementor-element-b40d17f elementor-widget__width-auto elementor-widget elementor-widget-heading\" data-id=\"b40d17f\" data-element_type=\"widget\" data-e-type=\"widget\" data-widget_type=\"heading.default\">\n\t\t\t\t<div class=\"elementor-widget-container\">\n\t\t\t\t\t<h1 class=\"elementor-heading-title elementor-size-default\">Bize ula\u015f\u0131n<\/h1>\t\t\t\t<\/div>\n\t\t\t\t<\/div>\n\t\t\t\t<div class=\"elementor-element elementor-element-07533b9 elementor-widget__width-inherit elementor-widget elementor-widget-heading\" data-id=\"07533b9\" data-element_type=\"widget\" data-e-type=\"widget\" data-widget_type=\"heading.default\">\n\t\t\t\t<div class=\"elementor-widget-container\">\n\t\t\t\t\t<h2 class=\"elementor-heading-title elementor-size-default\">Bizimle<br>adresinden ileti\u015fime ge\u00e7in.<\/h2>\t\t\t\t<\/div>\n\t\t\t\t<\/div>\n\t\t\t\t<div class=\"elementor-element elementor-element-2b96383 elementor-view-stacked elementor-position-inline-start elementor-mobile-position-inline-start elementor-widget__width-inherit elementor-shape-circle elementor-widget elementor-widget-icon-box\" data-id=\"2b96383\" data-element_type=\"widget\" data-e-type=\"widget\" data-widget_type=\"icon-box.default\">\n\t\t\t\t<div class=\"elementor-widget-container\">\n\t\t\t\t\t\t\t<div class=\"elementor-icon-box-wrapper\">\n\n\t\t\t\t\t\t<div class=\"elementor-icon-box-icon\">\n\t\t\t\t<a href=\"tel:+4915161083703\" class=\"elementor-icon\" tabindex=\"-1\" aria-label=\"+49 89 171 181 68\">\n\t\t\t\t<svg xmlns=\"http:\/\/www.w3.org\/2000\/svg\" id=\"Ebene_2\" data-name=\"Ebene 2\" viewBox=\"0 0 28 28.01\"><defs><style>      .cls-1 {        fill: currentColor;      }    <\/style><\/defs><g id=\"Ebene_1-2\" data-name=\"Ebene 1\"><path id=\"Icon_core-phone\" data-name=\"Icon core-phone\" class=\"cls-1\" d=\"M.8,2.91l.05-.03L6.69,0l6.31,8.42-2.9,3.87c.18,3.02,2.59,5.43,5.61,5.61l3.87-2.9,8.42,6.31-2.86,5.8-.02.05-.03.05c-.31.5-.86.8-1.44.8h-1.51C9.91,28,0,18.09,0,5.87c0,0,0,0,0,0v-1.51c0-.59.3-1.13.8-1.44ZM2.16,5.86c.01,11.03,8.95,19.96,19.98,19.98h1.22l1.91-3.88-5.68-4.26-3.16,2.37h-.36c-4.49,0-8.13-3.64-8.13-8.13v-.36l2.37-3.16L6.04,2.73l-3.88,1.92v1.22Z\"><\/path><\/g><\/svg>\t\t\t\t<\/a>\n\t\t\t<\/div>\n\t\t\t\n\t\t\t\t\t\t<div class=\"elementor-icon-box-content\">\n\n\t\t\t\t\t\t\t\t\t<h3 class=\"elementor-icon-box-title\">\n\t\t\t\t\t\t<a href=\"tel:+4915161083703\" >\n\t\t\t\t\t\t\t+49 89 171 181 68\t\t\t\t\t\t<\/a>\n\t\t\t\t\t<\/h3>\n\t\t\t\t\n\t\t\t\t\n\t\t\t<\/div>\n\t\t\t\n\t\t<\/div>\n\t\t\t\t\t\t<\/div>\n\t\t\t\t<\/div>\n\t\t\t\t<div class=\"elementor-element elementor-element-44aeacd elementor-view-stacked elementor-position-inline-start elementor-mobile-position-inline-start elementor-widget__width-inherit elementor-shape-circle elementor-widget elementor-widget-icon-box\" data-id=\"44aeacd\" data-element_type=\"widget\" data-e-type=\"widget\" data-widget_type=\"icon-box.default\">\n\t\t\t\t<div class=\"elementor-widget-container\">\n\t\t\t\t\t\t\t<div class=\"elementor-icon-box-wrapper\">\n\n\t\t\t\t\t\t<div class=\"elementor-icon-box-icon\">\n\t\t\t\t<a href=\"mailto:info@ecotech-solutions.de\" class=\"elementor-icon\" tabindex=\"-1\" aria-label=\"info@ecotech-solutions.de\">\n\t\t\t\t<svg xmlns=\"http:\/\/www.w3.org\/2000\/svg\" id=\"Ebene_2\" data-name=\"Ebene 2\" viewBox=\"0 0 30 28\"><defs><style>      .cls-1 {        fill: currentColor;      }    <\/style><\/defs><g id=\"Ebene_1-2\" data-name=\"Ebene 1\"><path id=\"Icon_core-envelope-letter\" data-name=\"Icon core-envelope-letter\" class=\"cls-1\" d=\"M24,7.2V1.25c0-.69-.56-1.25-1.25-1.25H7.25c-.69,0-1.25.56-1.25,1.25v5.95L0,11.48v16.52h30V11.48l-6-4.28ZM27.35,12.05l-3.35,2.19v-4.59l3.35,2.4ZM8,2h14v13.56l-3.57,2.34-2.91-1.51-3.17,1.53-4.34-2.64V2ZM15.48,18.62l12.52,6.49v.89H2v-.88l13.48-6.51ZM2,13.97l8.2,4.98-8.2,3.96v-8.93ZM20.47,18.95l7.53-4.92v8.83l-7.53-3.91ZM6,9.66v4.4l-3.33-2.02,3.33-2.38Z\"><\/path><\/g><\/svg>\t\t\t\t<\/a>\n\t\t\t<\/div>\n\t\t\t\n\t\t\t\t\t\t<div class=\"elementor-icon-box-content\">\n\n\t\t\t\t\t\t\t\t\t<h3 class=\"elementor-icon-box-title\">\n\t\t\t\t\t\t<a href=\"mailto:info@ecotech-solutions.de\" >\n\t\t\t\t\t\t\tinfo@ecotech-solutions.de\t\t\t\t\t\t<\/a>\n\t\t\t\t\t<\/h3>\n\t\t\t\t\n\t\t\t\t\n\t\t\t<\/div>\n\t\t\t\n\t\t<\/div>\n\t\t\t\t\t\t<\/div>\n\t\t\t\t<\/div>\n\t\t\t\t<div class=\"elementor-element elementor-element-bcdb5e9 elementor-view-stacked elementor-position-inline-start elementor-mobile-position-inline-start elementor-widget__width-inherit elementor-shape-circle elementor-widget elementor-widget-icon-box\" data-id=\"bcdb5e9\" data-element_type=\"widget\" data-e-type=\"widget\" data-widget_type=\"icon-box.default\">\n\t\t\t\t<div class=\"elementor-widget-container\">\n\t\t\t\t\t\t\t<div class=\"elementor-icon-box-wrapper\">\n\n\t\t\t\t\t\t<div class=\"elementor-icon-box-icon\">\n\t\t\t\t<span  class=\"elementor-icon\">\n\t\t\t\t<svg xmlns=\"http:\/\/www.w3.org\/2000\/svg\" id=\"Ebene_2\" data-name=\"Ebene 2\" viewBox=\"0 0 30.55 28\"><defs><style>      .cls-1 {        fill: currentColor;      }    <\/style><\/defs><g id=\"Ebene_1-2\" data-name=\"Ebene 1\"><g id=\"Icon_core-calendar\" data-name=\"Icon core-calendar\"><path id=\"Pfad_1004\" data-name=\"Pfad 1004\" class=\"cls-1\" d=\"M29.02,3.56h-5.6V0h-2.04v3.56h-12.22V0h-2.04v3.56H1.53c-.84,0-1.52.68-1.53,1.52v21.38c0,.84.68,1.53,1.53,1.53h27.49c.84,0,1.53-.68,1.53-1.53V5.09c0-.84-.68-1.53-1.53-1.53h0ZM28.51,25.96H2.04V5.6h5.09v2.55h2.04v-2.55h12.22v2.55h2.04v-2.55h5.09v20.36Z\"><\/path><path id=\"Pfad_1005\" data-name=\"Pfad 1005\" class=\"cls-1\" d=\"M6.75,10.89h1.89v2.25h-1.89v-2.25ZM11.96,10.89h1.89v2.25h-1.89v-2.25ZM16.69,10.89h1.89v2.25h-1.89v-2.25ZM21.9,10.89h1.89v2.25h-1.89v-2.25ZM6.75,15.95h1.89v2.25h-1.89v-2.25ZM11.96,15.95h1.89v2.25h-1.89v-2.25ZM16.69,15.95h1.89v2.25h-1.89v-2.25ZM21.9,15.95h1.89v2.25h-1.89v-2.25ZM6.75,21.02h1.89v2.25h-1.89v-2.25ZM11.96,21.02h1.89v2.25h-1.89v-2.25ZM16.69,21.02h1.89v2.25h-1.89v-2.25ZM21.9,21.02h1.89v2.25h-1.89v-2.25Z\"><\/path><\/g><\/g><\/svg>\t\t\t\t<\/span>\n\t\t\t<\/div>\n\t\t\t\n\t\t\t\t\t\t<div class=\"elementor-icon-box-content\">\n\n\t\t\t\t\t\t\t\t\t<h3 class=\"elementor-icon-box-title\">\n\t\t\t\t\t\t<span  >\n\t\t\t\t\t\t\tOnline randevu ayarlay\u0131n\t\t\t\t\t\t<\/span>\n\t\t\t\t\t<\/h3>\n\t\t\t\t\n\t\t\t\t\n\t\t\t<\/div>\n\t\t\t\n\t\t<\/div>\n\t\t\t\t\t\t<\/div>\n\t\t\t\t<\/div>\n\t\t\t\t<\/div>\n\t\t<div class=\"elementor-element elementor-element-6fa9924 e-con-full e-flex e-con e-child\" data-id=\"6fa9924\" data-element_type=\"container\" data-e-type=\"container\" data-settings=\"{&quot;background_background&quot;:&quot;classic&quot;}\">\n\t\t\t\t<div class=\"elementor-element elementor-element-23ed982 elementor-button-align-stretch elementor-widget elementor-widget-form\" data-id=\"23ed982\" data-element_type=\"widget\" data-e-type=\"widget\" data-settings=\"{&quot;step_next_label&quot;:&quot;Sonraki&quot;,&quot;step_previous_label&quot;:&quot;\\u00d6nceki&quot;,&quot;button_width&quot;:&quot;100&quot;,&quot;step_type&quot;:&quot;number_text&quot;,&quot;step_icon_shape&quot;:&quot;circle&quot;}\" data-widget_type=\"form.default\">\n\t\t\t\t<div class=\"elementor-widget-container\">\n\t\t\t\t\t\t\t<form class=\"elementor-form\" method=\"post\" name=\"Yeni form\" aria-label=\"Yeni form\">\n\t\t\t<input type=\"hidden\" name=\"post_id\" value=\"5632\"\/>\n\t\t\t<input type=\"hidden\" name=\"form_id\" value=\"23ed982\"\/>\n\t\t\t<input type=\"hidden\" name=\"referer_title\" value=\"EcoTech Solutions\" \/>\n\n\t\t\t\n\t\t\t<div class=\"elementor-form-fields-wrapper elementor-labels-above\">\n\t\t\t\t\t\t\t\t<div class=\"elementor-field-type-text elementor-field-group elementor-column elementor-field-group-name elementor-col-50 elementor-field-required\">\n\t\t\t\t\t\t\t\t\t\t\t\t<label for=\"form-field-name\" class=\"elementor-field-label\">\n\t\t\t\t\t\t\t\t\u0130lk isim*\t\t\t\t\t\t\t<\/label>\n\t\t\t\t\t\t\t\t\t\t\t\t\t\t<input size=\"1\" type=\"text\" name=\"form_fields[name]\" id=\"form-field-name\" class=\"elementor-field elementor-size-sm  elementor-field-textual\" required=\"required\">\n\t\t\t\t\t\t\t\t\t\t\t<\/div>\n\t\t\t\t\t\t\t\t<div class=\"elementor-field-type-text elementor-field-group elementor-column elementor-field-group-field_7a04698 elementor-col-50 elementor-field-required\">\n\t\t\t\t\t\t\t\t\t\t\t\t<label for=\"form-field-field_7a04698\" class=\"elementor-field-label\">\n\t\t\t\t\t\t\t\tSoyad\u0131*\t\t\t\t\t\t\t<\/label>\n\t\t\t\t\t\t\t\t\t\t\t\t\t\t<input size=\"1\" type=\"text\" name=\"form_fields[field_7a04698]\" id=\"form-field-field_7a04698\" class=\"elementor-field elementor-size-sm  elementor-field-textual\" required=\"required\">\n\t\t\t\t\t\t\t\t\t\t\t<\/div>\n\t\t\t\t\t\t\t\t<div class=\"elementor-field-type-email elementor-field-group elementor-column elementor-field-group-email elementor-col-50 elementor-field-required\">\n\t\t\t\t\t\t\t\t\t\t\t\t<label for=\"form-field-email\" class=\"elementor-field-label\">\n\t\t\t\t\t\t\t\tE-posta*\t\t\t\t\t\t\t<\/label>\n\t\t\t\t\t\t\t\t\t\t\t\t\t\t<input size=\"1\" type=\"email\" name=\"form_fields[email]\" id=\"form-field-email\" class=\"elementor-field elementor-size-sm  elementor-field-textual\" required=\"required\">\n\t\t\t\t\t\t\t\t\t\t\t<\/div>\n\t\t\t\t\t\t\t\t<div class=\"elementor-field-type-tel elementor-field-group elementor-column elementor-field-group-field_b86b628 elementor-col-50 elementor-field-required\">\n\t\t\t\t\t\t\t\t\t\t\t\t<label for=\"form-field-field_b86b628\" class=\"elementor-field-label\">\n\t\t\t\t\t\t\t\tTelefon*\t\t\t\t\t\t\t<\/label>\n\t\t\t\t\t\t\t\t<input size=\"1\" type=\"tel\" name=\"form_fields[field_b86b628]\" id=\"form-field-field_b86b628\" class=\"elementor-field elementor-size-sm  elementor-field-textual\" required=\"required\" pattern=\"[0-9()#&amp;+*-=.]+\" title=\"Only numbers and phone characters (#, -, *, etc) are accepted.\">\n\n\t\t\t\t\t\t<\/div>\n\t\t\t\t\t\t\t\t<div class=\"elementor-field-type-text elementor-field-group elementor-column elementor-field-group-field_93b1aae elementor-col-100 elementor-field-required\">\n\t\t\t\t\t\t\t\t\t\t\t\t<label for=\"form-field-field_93b1aae\" class=\"elementor-field-label\">\n\t\t\t\t\t\t\t\t\u015eirket*\t\t\t\t\t\t\t<\/label>\n\t\t\t\t\t\t\t\t\t\t\t\t\t\t<input size=\"1\" type=\"text\" name=\"form_fields[field_93b1aae]\" id=\"form-field-field_93b1aae\" class=\"elementor-field elementor-size-sm  elementor-field-textual\" required=\"required\">\n\t\t\t\t\t\t\t\t\t\t\t<\/div>\n\t\t\t\t\t\t\t\t<div class=\"elementor-field-type-textarea elementor-field-group elementor-column elementor-field-group-message elementor-col-100 elementor-field-required\">\n\t\t\t\t\t\t\t\t\t\t\t\t<label for=\"form-field-message\" class=\"elementor-field-label\">\n\t\t\t\t\t\t\t\tMesaj\t\t\t\t\t\t\t<\/label>\n\t\t\t\t\t\t<textarea class=\"elementor-field-textual elementor-field  elementor-size-sm\" name=\"form_fields[message]\" id=\"form-field-message\" rows=\"4\" required=\"required\"><\/textarea>\t\t\t\t<\/div>\n\t\t\t\t\t\t\t\t<div class=\"elementor-field-type-acceptance elementor-field-group elementor-column elementor-field-group-field_9a00036 elementor-col-100 elementor-field-required\">\n\t\t\t\t\t\t\t<div class=\"elementor-field-subgroup\">\n\t\t\t<span class=\"elementor-field-option\">\n\t\t\t\t<input type=\"checkbox\" name=\"form_fields[field_9a00036]\" id=\"form-field-field_9a00036\" class=\"elementor-field elementor-size-sm  elementor-acceptance-field\" required=\"required\">\n\t\t\t\t<label for=\"form-field-field_9a00036\"><a href=\"\/datenschutzerkl%C3%A4rung\">Gizlilik politikas\u0131n\u0131 <\/a>kabul ediyorum. Gizlilik politikas\u0131na dikkat ettim. Bilgilerimin benimle ileti\u015fime ge\u00e7mek ve soru sormak amac\u0131yla saklanaca\u011f\u0131n\u0131 kabul ediyorum. Not: info@ecotech-solutions.de adresine bir e-posta g\u00f6ndererek gelecekte istedi\u011finiz zaman onay\u0131n\u0131z\u0131 iptal edebilirsiniz.<\/label>\t\t\t<\/span>\n\t\t<\/div>\n\t\t\t\t\t\t<\/div>\n\t\t\t\t\t\t\t\t<div class=\"elementor-field-type-hcaptcha elementor-field-group elementor-column elementor-field-group-field_ff9253e elementor-col-100\">\n\t\t\t\t\t<div class=\"elementor-field\" id=\"form-field-field_ff9253e\"><div class=\"elementor-hcaptcha\">\t\t<input\n\t\t\t\ttype=\"hidden\"\n\t\t\t\tclass=\"hcaptcha-widget-id\"\n\t\t\t\tname=\"hcaptcha-widget-id\"\n\t\t\t\tvalue=\"eyJzb3VyY2UiOlsiZWxlbWVudG9yLXByb1wvZWxlbWVudG9yLXByby5waHAiXSwiZm9ybV9pZCI6MH0=-7330a4500d70b9c0c1ccf6518a4c4aca\">\n\t\t\t\t<h-captcha\n\t\t\tclass=\"h-captcha\"\n\t\t\tdata-sitekey=\"9765cb32-38e7-4f76-add4-83ef309cf20e\"\n\t\t\tdata-theme=\"light\"\n\t\t\tdata-size=\"normal\"\n\t\t\tdata-auto=\"false\"\n\t\t\tdata-ajax=\"false\"\n\t\t\tdata-force=\"false\">\n\t\t<\/h-captcha>\n\t\t<\/div><\/div>\t\t\t\t<\/div>\n\t\t\t\t\t\t\t\t<div class=\"elementor-field-group elementor-column elementor-field-type-submit elementor-col-100 e-form__buttons\">\n\t\t\t\t\t<button class=\"elementor-button elementor-size-sm\" type=\"submit\">\n\t\t\t\t\t\t<span class=\"elementor-button-content-wrapper\">\n\t\t\t\t\t\t\t\t\t\t\t\t\t\t\t\t\t\t\t\t\t\t<span class=\"elementor-button-text\">G\u00f6nder<\/span>\n\t\t\t\t\t\t\t\t\t\t\t\t\t<\/span>\n\t\t\t\t\t<\/button>\n\t\t\t\t<\/div>\n\t\t\t<\/div>\n\t\t<\/form>\n\t\t\t\t\t\t<\/div>\n\t\t\t\t<\/div>\n\t\t\t\t<\/div>\n\t\t\t\t\t<\/div>\n\t\t\t\t<\/div>\n\t\t\t\t<\/div>\n\t\t","protected":false},"excerpt":{"rendered":"<p>Bize ula\u015f\u0131n Bizimleadresinden ileti\u015fime ge\u00e7in. +49 89 171 181 68 info@ecotech-solutions.de Online randevu ayarlay\u0131n<\/p>\n","protected":false},"author":1,"featured_media":0,"parent":0,"menu_order":0,"comment_status":"closed","ping_status":"closed","template":"","meta":{"om_disable_all_campaigns":false,"_monsterinsights_skip_tracking":false,"_monsterinsights_sitenote_active":false,"_monsterinsights_sitenote_note":"","_monsterinsights_sitenote_category":0,"_uf_show_specific_survey":0,"_uf_disable_surveys":false,"footnotes":""},"class_list":["post-5632","page","type-page","status-publish","hentry"],"yoast_head":"<!-- This site is optimized with the Yoast SEO Premium plugin v23.5 (Yoast SEO v27.4) - https:\/\/yoast.com\/product\/yoast-seo-premium-wordpress\/ -->\n<title>Ecotech Solutions ile ileti\u015fime ge\u00e7in - Sizin i\u00e7in buraday\u0131z<\/title>\n<meta name=\"description\" content=\"Bizimle ileti\u015fime ge\u00e7in. T\u00fcm \u00e7evre teknolojisi \u00fcr\u00fcnlerimiz ve hizmetlerimiz i\u00e7in uzman tavsiyesi ve deste\u011fi sunuyoruz.\" \/>\n<meta name=\"robots\" content=\"index, follow, max-snippet:-1, max-image-preview:large, max-video-preview:-1\" \/>\n<link rel=\"canonical\" href=\"https:\/\/ecotech-solutions.de\/tr\/bize-ulasin\/\" \/>\n<meta property=\"og:locale\" content=\"tr_TR\" \/>\n<meta property=\"og:type\" content=\"article\" \/>\n<meta property=\"og:title\" content=\"Bize ula\u015f\u0131n\" \/>\n<meta property=\"og:description\" content=\"Bizimle ileti\u015fime ge\u00e7in. T\u00fcm \u00e7evre teknolojisi \u00fcr\u00fcnlerimiz ve hizmetlerimiz i\u00e7in uzman tavsiyesi ve deste\u011fi sunuyoruz.\" \/>\n<meta property=\"og:url\" content=\"https:\/\/ecotech-solutions.de\/tr\/bize-ulasin\/\" \/>\n<meta property=\"og:site_name\" content=\"EcoTech Solutions\" \/>\n<meta property=\"article:publisher\" content=\"https:\/\/www.instagram.com\/ecotech_umweltmanagement\/\" \/>\n<meta property=\"article:modified_time\" content=\"2025-04-10T13:52:38+00:00\" \/>\n<meta name=\"twitter:card\" content=\"summary_large_image\" \/>\n<script type=\"application\/ld+json\" class=\"yoast-schema-graph\">{\"@context\":\"https:\\\/\\\/schema.org\",\"@graph\":[{\"@type\":\"WebPage\",\"@id\":\"https:\\\/\\\/ecotech-solutions.de\\\/tr\\\/bize-ulasin\\\/\",\"url\":\"https:\\\/\\\/ecotech-solutions.de\\\/tr\\\/bize-ulasin\\\/\",\"name\":\"Ecotech Solutions ile ileti\u015fime ge\u00e7in - Sizin i\u00e7in buraday\u0131z\",\"isPartOf\":{\"@id\":\"https:\\\/\\\/ecotech-solutions.de\\\/tr\\\/#website\"},\"datePublished\":\"2024-04-16T09:24:50+00:00\",\"dateModified\":\"2025-04-10T13:52:38+00:00\",\"description\":\"Bizimle ileti\u015fime ge\u00e7in. T\u00fcm \u00e7evre teknolojisi \u00fcr\u00fcnlerimiz ve hizmetlerimiz i\u00e7in uzman tavsiyesi ve deste\u011fi sunuyoruz.\",\"breadcrumb\":{\"@id\":\"https:\\\/\\\/ecotech-solutions.de\\\/tr\\\/bize-ulasin\\\/#breadcrumb\"},\"inLanguage\":\"tr\",\"potentialAction\":[{\"@type\":\"ReadAction\",\"target\":[\"https:\\\/\\\/ecotech-solutions.de\\\/tr\\\/bize-ulasin\\\/\"]}]},{\"@type\":\"BreadcrumbList\",\"@id\":\"https:\\\/\\\/ecotech-solutions.de\\\/tr\\\/bize-ulasin\\\/#breadcrumb\",\"itemListElement\":[{\"@type\":\"ListItem\",\"position\":1,\"name\":\"Home\",\"item\":\"https:\\\/\\\/ecotech-solutions.de\\\/tr\\\/ecotech-coezuemleri\\\/\"},{\"@type\":\"ListItem\",\"position\":2,\"name\":\"Bize ula\u015f\u0131n\"}]},{\"@type\":\"WebSite\",\"@id\":\"https:\\\/\\\/ecotech-solutions.de\\\/tr\\\/#website\",\"url\":\"https:\\\/\\\/ecotech-solutions.de\\\/tr\\\/\",\"name\":\"EcoTech Solutions Umwelttechnik\",\"description\":\"Umwelttechnik\",\"publisher\":{\"@id\":\"https:\\\/\\\/ecotech-solutions.de\\\/tr\\\/#organization\"},\"potentialAction\":[{\"@type\":\"SearchAction\",\"target\":{\"@type\":\"EntryPoint\",\"urlTemplate\":\"https:\\\/\\\/ecotech-solutions.de\\\/tr\\\/?s={search_term_string}\"},\"query-input\":{\"@type\":\"PropertyValueSpecification\",\"valueRequired\":true,\"valueName\":\"search_term_string\"}}],\"inLanguage\":\"tr\"},{\"@type\":\"Organization\",\"@id\":\"https:\\\/\\\/ecotech-solutions.de\\\/tr\\\/#organization\",\"name\":\"EcoTech Solutions Umwelttechnik\",\"url\":\"https:\\\/\\\/ecotech-solutions.de\\\/tr\\\/\",\"logo\":{\"@type\":\"ImageObject\",\"inLanguage\":\"tr\",\"@id\":\"https:\\\/\\\/ecotech-solutions.de\\\/tr\\\/#\\\/schema\\\/logo\\\/image\\\/\",\"url\":\"https:\\\/\\\/ecotech-solutions.de\\\/wp-content\\\/uploads\\\/2024\\\/04\\\/Logo-Ecotech.svg\",\"contentUrl\":\"https:\\\/\\\/ecotech-solutions.de\\\/wp-content\\\/uploads\\\/2024\\\/04\\\/Logo-Ecotech.svg\",\"width\":1239.54,\"height\":281,\"caption\":\"EcoTech Solutions Umwelttechnik\"},\"image\":{\"@id\":\"https:\\\/\\\/ecotech-solutions.de\\\/tr\\\/#\\\/schema\\\/logo\\\/image\\\/\"},\"sameAs\":[\"https:\\\/\\\/www.instagram.com\\\/ecotech_umweltmanagement\\\/\"]}]}<\/script>\n<!-- \/ Yoast SEO Premium plugin. -->","yoast_head_json":{"title":"Ecotech Solutions ile ileti\u015fime ge\u00e7in - Sizin i\u00e7in buraday\u0131z","description":"Bizimle ileti\u015fime ge\u00e7in. T\u00fcm \u00e7evre teknolojisi \u00fcr\u00fcnlerimiz ve hizmetlerimiz i\u00e7in uzman tavsiyesi ve deste\u011fi sunuyoruz.","robots":{"index":"index","follow":"follow","max-snippet":"max-snippet:-1","max-image-preview":"max-image-preview:large","max-video-preview":"max-video-preview:-1"},"canonical":"https:\/\/ecotech-solutions.de\/tr\/bize-ulasin\/","og_locale":"tr_TR","og_type":"article","og_title":"Bize ula\u015f\u0131n","og_description":"Bizimle ileti\u015fime ge\u00e7in. T\u00fcm \u00e7evre teknolojisi \u00fcr\u00fcnlerimiz ve hizmetlerimiz i\u00e7in uzman tavsiyesi ve deste\u011fi sunuyoruz.","og_url":"https:\/\/ecotech-solutions.de\/tr\/bize-ulasin\/","og_site_name":"EcoTech Solutions","article_publisher":"https:\/\/www.instagram.com\/ecotech_umweltmanagement\/","article_modified_time":"2025-04-10T13:52:38+00:00","twitter_card":"summary_large_image","schema":{"@context":"https:\/\/schema.org","@graph":[{"@type":"WebPage","@id":"https:\/\/ecotech-solutions.de\/tr\/bize-ulasin\/","url":"https:\/\/ecotech-solutions.de\/tr\/bize-ulasin\/","name":"Ecotech Solutions ile ileti\u015fime ge\u00e7in - Sizin i\u00e7in buraday\u0131z","isPartOf":{"@id":"https:\/\/ecotech-solutions.de\/tr\/#website"},"datePublished":"2024-04-16T09:24:50+00:00","dateModified":"2025-04-10T13:52:38+00:00","description":"Bizimle ileti\u015fime ge\u00e7in. T\u00fcm \u00e7evre teknolojisi \u00fcr\u00fcnlerimiz ve hizmetlerimiz i\u00e7in uzman tavsiyesi ve deste\u011fi sunuyoruz.","breadcrumb":{"@id":"https:\/\/ecotech-solutions.de\/tr\/bize-ulasin\/#breadcrumb"},"inLanguage":"tr","potentialAction":[{"@type":"ReadAction","target":["https:\/\/ecotech-solutions.de\/tr\/bize-ulasin\/"]}]},{"@type":"BreadcrumbList","@id":"https:\/\/ecotech-solutions.de\/tr\/bize-ulasin\/#breadcrumb","itemListElement":[{"@type":"ListItem","position":1,"name":"Home","item":"https:\/\/ecotech-solutions.de\/tr\/ecotech-coezuemleri\/"},{"@type":"ListItem","position":2,"name":"Bize ula\u015f\u0131n"}]},{"@type":"WebSite","@id":"https:\/\/ecotech-solutions.de\/tr\/#website","url":"https:\/\/ecotech-solutions.de\/tr\/","name":"EcoTech Solutions Umwelttechnik","description":"Umwelttechnik","publisher":{"@id":"https:\/\/ecotech-solutions.de\/tr\/#organization"},"potentialAction":[{"@type":"SearchAction","target":{"@type":"EntryPoint","urlTemplate":"https:\/\/ecotech-solutions.de\/tr\/?s={search_term_string}"},"query-input":{"@type":"PropertyValueSpecification","valueRequired":true,"valueName":"search_term_string"}}],"inLanguage":"tr"},{"@type":"Organization","@id":"https:\/\/ecotech-solutions.de\/tr\/#organization","name":"EcoTech Solutions Umwelttechnik","url":"https:\/\/ecotech-solutions.de\/tr\/","logo":{"@type":"ImageObject","inLanguage":"tr","@id":"https:\/\/ecotech-solutions.de\/tr\/#\/schema\/logo\/image\/","url":"https:\/\/ecotech-solutions.de\/wp-content\/uploads\/2024\/04\/Logo-Ecotech.svg","contentUrl":"https:\/\/ecotech-solutions.de\/wp-content\/uploads\/2024\/04\/Logo-Ecotech.svg","width":1239.54,"height":281,"caption":"EcoTech Solutions Umwelttechnik"},"image":{"@id":"https:\/\/ecotech-solutions.de\/tr\/#\/schema\/logo\/image\/"},"sameAs":["https:\/\/www.instagram.com\/ecotech_umweltmanagement\/"]}]}},"_links":{"self":[{"href":"https:\/\/ecotech-solutions.de\/tr\/wp-json\/wp\/v2\/pages\/5632","targetHints":{"allow":["GET"]}}],"collection":[{"href":"https:\/\/ecotech-solutions.de\/tr\/wp-json\/wp\/v2\/pages"}],"about":[{"href":"https:\/\/ecotech-solutions.de\/tr\/wp-json\/wp\/v2\/types\/page"}],"author":[{"embeddable":true,"href":"https:\/\/ecotech-solutions.de\/tr\/wp-json\/wp\/v2\/users\/1"}],"replies":[{"embeddable":true,"href":"https:\/\/ecotech-solutions.de\/tr\/wp-json\/wp\/v2\/comments?post=5632"}],"version-history":[{"count":3,"href":"https:\/\/ecotech-solutions.de\/tr\/wp-json\/wp\/v2\/pages\/5632\/revisions"}],"predecessor-version":[{"id":9075,"href":"https:\/\/ecotech-solutions.de\/tr\/wp-json\/wp\/v2\/pages\/5632\/revisions\/9075"}],"wp:attachment":[{"href":"https:\/\/ecotech-solutions.de\/tr\/wp-json\/wp\/v2\/media?parent=5632"}],"curies":[{"name":"wp","href":"https:\/\/api.w.org\/{rel}","templated":true}]}}