{"id":8449,"date":"2024-09-18T14:15:30","date_gmt":"2024-09-18T14:15:30","guid":{"rendered":"https:\/\/ecotech-solutions.de\/spektra\/kompaktori-za-smece\/"},"modified":"2024-09-19T07:37:21","modified_gmt":"2024-09-19T07:37:21","slug":"kompaktori-za-smece","status":"publish","type":"page","link":"https:\/\/ecotech-solutions.de\/bs\/spektra\/kompaktori-za-smece\/","title":{"rendered":"Kompaktori za sme\u0107e"},"content":{"rendered":"\t\t<div data-elementor-type=\"wp-page\" data-elementor-id=\"8449\" class=\"elementor elementor-8449 elementor-8444\" data-elementor-post-type=\"page\">\n\t\t\t\t<div class=\"elementor-element elementor-element-2ced88f e-flex e-con-boxed e-con e-parent\" data-id=\"2ced88f\" data-element_type=\"container\" data-e-type=\"container\" data-settings=\"{&quot;background_background&quot;:&quot;classic&quot;}\">\n\t\t\t\t\t<div class=\"e-con-inner\">\n\t\t\t\t<div class=\"elementor-element elementor-element-25c0ffe elementor-widget__width-auto elementor-widget elementor-widget-heading\" data-id=\"25c0ffe\" data-element_type=\"widget\" data-e-type=\"widget\" data-widget_type=\"heading.default\">\n\t\t\t\t<div class=\"elementor-widget-container\">\n\t\t\t\t\t<h1 class=\"elementor-heading-title elementor-size-default\">Kompaktori za sme\u0107e<\/h1>\t\t\t\t<\/div>\n\t\t\t\t<\/div>\n\t\t\t\t<div class=\"elementor-element elementor-element-0ed6840 elementor-widget__width-inherit elementor-widget elementor-widget-heading\" data-id=\"0ed6840\" data-element_type=\"widget\" data-e-type=\"widget\" data-widget_type=\"heading.default\">\n\t\t\t\t<div class=\"elementor-widget-container\">\n\t\t\t\t\t<h2 class=\"elementor-heading-title elementor-size-default\">Efikasno smanjenje otpada kroz na\u0161e kompaktore sme\u0107a<\/h2>\t\t\t\t<\/div>\n\t\t\t\t<\/div>\n\t\t\t\t\t<\/div>\n\t\t\t\t<\/div>\n\t\t<div class=\"elementor-element elementor-element-2737813 e-flex e-con-boxed e-con e-parent\" data-id=\"2737813\" data-element_type=\"container\" data-e-type=\"container\">\n\t\t\t\t\t<div class=\"e-con-inner\">\n\t\t<div class=\"elementor-element elementor-element-4ac23fb e-con-full e-flex e-con e-child\" data-id=\"4ac23fb\" data-element_type=\"container\" data-e-type=\"container\">\n\t\t\t\t<div class=\"elementor-element elementor-element-1aba78e elementor-widget__width-initial elementor-widget elementor-widget-text-editor\" data-id=\"1aba78e\" data-element_type=\"widget\" data-e-type=\"widget\" data-widget_type=\"text-editor.default\">\n\t\t\t\t<div class=\"elementor-widget-container\">\n\t\t\t\t\t\t\t\t\t<p>Sa kompaktorom otpada iz Austropressena mo\u017eete na odr\u017eiv na\u010din smanjiti koli\u010dinu otpada i smanjiti svoje tro\u0161kove zbrinjavanja. Sabijanjem otpada osloba\u0111ate vrijedan prostor i stvarate \u010disto, uredno radno okru\u017eenje. Vi\u0161e nije potrebno naporno prethodno usitnjavanje i punjenje kontejnera, \u0161to \u0161tedi radno vrijeme. Tako\u0111er smanjujete svoje tro\u0161kove kroz manje kontejnera i du\u017ee intervale prikupljanja. Kompaktori za sme\u0107e tako\u0111e smanjuju rizik od po\u017eara, \u0161teto\u010dina i opasnosti od spoticanja. Na\u0161i ure\u0111aji koji \u0161tede prostor nude \u0161irok raspon primjena, \u0161tite kontejnere zahvaljuju\u0107i hidrauli\u010dnom podizanju i jednostavni su za kori\u0161tenje. Zahvaljuju\u0107i proizvodnji uskla\u0111enoj sa CE i ISO, garantuju maksimalnu sigurnost, dok nisko odr\u017eavanje i dugotrajni materijali \u010dine rad efikasnim i isplativim.      <\/p>\n\t\t\t\t\t\t\t\t<\/div>\n\t\t\t\t<\/div>\n\t\t\t\t<\/div>\n\t\t<div class=\"elementor-element elementor-element-c5b4132 e-con-full e-flex e-con e-child\" data-id=\"c5b4132\" data-element_type=\"container\" data-e-type=\"container\">\n\t\t\t\t<div class=\"elementor-element elementor-element-db93d60 elementor-widget elementor-widget-image\" data-id=\"db93d60\" data-element_type=\"widget\" data-e-type=\"widget\" data-widget_type=\"image.default\">\n\t\t\t\t<div class=\"elementor-widget-container\">\n\t\t\t\t\t\t\t\t\t\t\t\t\t\t\t<img fetchpriority=\"high\" decoding=\"async\" width=\"529\" height=\"741\" src=\"https:\/\/ecotech-solutions.de\/wp-content\/uploads\/2024\/04\/UI-Element.svg\" class=\"attachment-large size-large wp-image-5737\" alt=\"\" \/>\t\t\t\t\t\t\t\t\t\t\t\t\t\t\t<\/div>\n\t\t\t\t<\/div>\n\t\t\t\t<\/div>\n\t\t\t\t\t<\/div>\n\t\t\t\t<\/div>\n\t\t<div class=\"elementor-element elementor-element-33b462a e-flex e-con-boxed e-con e-parent\" data-id=\"33b462a\" data-element_type=\"container\" data-e-type=\"container\">\n\t\t\t\t\t<div class=\"e-con-inner\">\n\t\t\t\t<div class=\"elementor-element elementor-element-af8f3ea elementor-widget__width-inherit elementor-widget elementor-widget-heading\" data-id=\"af8f3ea\" data-element_type=\"widget\" data-e-type=\"widget\" data-widget_type=\"heading.default\">\n\t\t\t\t<div class=\"elementor-widget-container\">\n\t\t\t\t\t<h2 class=\"elementor-heading-title elementor-size-default\">Na\u0161i kompaktori sme\u0107a<\/h2>\t\t\t\t<\/div>\n\t\t\t\t<\/div>\n\t\t\t\t<div class=\"elementor-element elementor-element-0544ab3 elementor-widget__width-initial elementor-widget-mobile__width-inherit spektrum elementor-position-top elementor-widget elementor-widget-image-box\" data-id=\"0544ab3\" data-element_type=\"widget\" data-e-type=\"widget\" data-widget_type=\"image-box.default\">\n\t\t\t\t<div class=\"elementor-widget-container\">\n\t\t\t\t\t<div class=\"elementor-image-box-wrapper\"><figure class=\"elementor-image-box-img\"><a href=\"https:\/\/ecotech-solutions.de\/bs\/pres-za-smece-kontejner-conpress\/\" tabindex=\"-1\"><img decoding=\"async\" width=\"1920\" height=\"1080\" src=\"https:\/\/ecotech-solutions.de\/wp-content\/uploads\/2024\/09\/Containerpresse-CONPRESS-1.jpg\" class=\"attachment-full size-full wp-image-6607\" alt=\"\" srcset=\"https:\/\/ecotech-solutions.de\/wp-content\/uploads\/2024\/09\/Containerpresse-CONPRESS-1.jpg 1920w, https:\/\/ecotech-solutions.de\/wp-content\/uploads\/2024\/09\/Containerpresse-CONPRESS-1-300x169.jpg 300w, https:\/\/ecotech-solutions.de\/wp-content\/uploads\/2024\/09\/Containerpresse-CONPRESS-1-1024x576.jpg 1024w, https:\/\/ecotech-solutions.de\/wp-content\/uploads\/2024\/09\/Containerpresse-CONPRESS-1-768x432.jpg 768w, https:\/\/ecotech-solutions.de\/wp-content\/uploads\/2024\/09\/Containerpresse-CONPRESS-1-1536x864.jpg 1536w\" sizes=\"(max-width: 1920px) 100vw, 1920px\" \/><\/a><\/figure><div class=\"elementor-image-box-content\"><h3 class=\"elementor-image-box-title\"><a href=\"https:\/\/ecotech-solutions.de\/bs\/pres-za-smece-kontejner-conpress\/\">Pres za sme\u0107e\/kontejner Conpress<\/a><\/h3><p class=\"elementor-image-box-description\">U\u0161tedite prostor i tro\u0161kove<br><br> <a href=\"https:\/\/ecotech-solutions.de\/bs\/pres-za-smece-kontejner-conpress\/\" class=\"hover-underline-animation\">Saznajte vi\u0161e<\/a><\/p><\/div><\/div>\t\t\t\t<\/div>\n\t\t\t\t<\/div>\n\t\t\t\t<div class=\"elementor-element elementor-element-3d25152 elementor-widget__width-initial elementor-widget-mobile__width-inherit spektrum elementor-position-top elementor-widget elementor-widget-image-box\" data-id=\"3d25152\" data-element_type=\"widget\" data-e-type=\"widget\" data-widget_type=\"image-box.default\">\n\t\t\t\t<div class=\"elementor-widget-container\">\n\t\t\t\t\t<div class=\"elementor-image-box-wrapper\"><figure class=\"elementor-image-box-img\"><a href=\"https:\/\/ecotech-solutions.de\/bs\/kompaktna-balirka-za-smece-k65s\/\" tabindex=\"-1\"><img decoding=\"async\" width=\"1920\" height=\"1080\" src=\"https:\/\/ecotech-solutions.de\/wp-content\/uploads\/2024\/09\/Muell-Ballenpresse-Kompakt-K65S-2.jpg\" class=\"attachment-full size-full wp-image-6589\" alt=\"\" srcset=\"https:\/\/ecotech-solutions.de\/wp-content\/uploads\/2024\/09\/Muell-Ballenpresse-Kompakt-K65S-2.jpg 1920w, https:\/\/ecotech-solutions.de\/wp-content\/uploads\/2024\/09\/Muell-Ballenpresse-Kompakt-K65S-2-300x169.jpg 300w, https:\/\/ecotech-solutions.de\/wp-content\/uploads\/2024\/09\/Muell-Ballenpresse-Kompakt-K65S-2-1024x576.jpg 1024w, https:\/\/ecotech-solutions.de\/wp-content\/uploads\/2024\/09\/Muell-Ballenpresse-Kompakt-K65S-2-768x432.jpg 768w, https:\/\/ecotech-solutions.de\/wp-content\/uploads\/2024\/09\/Muell-Ballenpresse-Kompakt-K65S-2-1536x864.jpg 1536w\" sizes=\"(max-width: 1920px) 100vw, 1920px\" \/><\/a><\/figure><div class=\"elementor-image-box-content\"><h3 class=\"elementor-image-box-title\"><a href=\"https:\/\/ecotech-solutions.de\/bs\/kompaktna-balirka-za-smece-k65s\/\">Kompaktna balirka za sme\u0107e K65S<\/a><\/h3><p class=\"elementor-image-box-description\">\u010cisti rastvor za ostatak otpada<br><br> <a href=\"https:\/\/ecotech-solutions.de\/bs\/kompaktna-balirka-za-smece-k65s\/\" class=\"hover-underline-animation\">Saznajte vi\u0161e<\/a><\/p><\/div><\/div>\t\t\t\t<\/div>\n\t\t\t\t<\/div>\n\t\t\t\t<div class=\"elementor-element elementor-element-405c24f elementor-widget__width-initial elementor-widget-mobile__width-inherit spektrum elementor-position-top elementor-widget elementor-widget-image-box\" data-id=\"405c24f\" data-element_type=\"widget\" data-e-type=\"widget\" data-widget_type=\"image-box.default\">\n\t\t\t\t<div class=\"elementor-widget-container\">\n\t\t\t\t\t<div class=\"elementor-image-box-wrapper\"><figure class=\"elementor-image-box-img\"><a href=\"https:\/\/ecotech-solutions.de\/bs\/visekomorna-presa-kompaktna-k65-2s\/\" tabindex=\"-1\"><img loading=\"lazy\" decoding=\"async\" width=\"1920\" height=\"1080\" src=\"https:\/\/ecotech-solutions.de\/wp-content\/uploads\/2024\/09\/Muell-Ballenpresse-Kompakt-K65S-3.jpg\" class=\"attachment-full size-full wp-image-6745\" alt=\"\" srcset=\"https:\/\/ecotech-solutions.de\/wp-content\/uploads\/2024\/09\/Muell-Ballenpresse-Kompakt-K65S-3.jpg 1920w, https:\/\/ecotech-solutions.de\/wp-content\/uploads\/2024\/09\/Muell-Ballenpresse-Kompakt-K65S-3-300x169.jpg 300w, https:\/\/ecotech-solutions.de\/wp-content\/uploads\/2024\/09\/Muell-Ballenpresse-Kompakt-K65S-3-1024x576.jpg 1024w, https:\/\/ecotech-solutions.de\/wp-content\/uploads\/2024\/09\/Muell-Ballenpresse-Kompakt-K65S-3-768x432.jpg 768w, https:\/\/ecotech-solutions.de\/wp-content\/uploads\/2024\/09\/Muell-Ballenpresse-Kompakt-K65S-3-1536x864.jpg 1536w\" sizes=\"(max-width: 1920px) 100vw, 1920px\" \/><\/a><\/figure><div class=\"elementor-image-box-content\"><h3 class=\"elementor-image-box-title\"><a href=\"https:\/\/ecotech-solutions.de\/bs\/visekomorna-presa-kompaktna-k65-2s\/\">Vi\u0161ekomorna presa kompaktna K65-2S<\/a><\/h3><p class=\"elementor-image-box-description\">Fleksibilni vi\u0161ekomorni sistem \u2013 i za ostatak otpada<br><br> <a href=\"https:\/\/ecotech-solutions.de\/bs\/visekomorna-presa-kompaktna-k65-2s\/\" class=\"hover-underline-animation\">Saznajte vi\u0161e<\/a><\/p><\/div><\/div>\t\t\t\t<\/div>\n\t\t\t\t<\/div>\n\t\t\t\t\t<\/div>\n\t\t\t\t<\/div>\n\t\t<div class=\"elementor-element elementor-element-d622c58 e-flex e-con-boxed e-con e-parent\" data-id=\"d622c58\" data-element_type=\"container\" data-e-type=\"container\">\n\t\t\t\t\t<div class=\"e-con-inner\">\n\t\t\t\t<div class=\"elementor-element elementor-element-06a15c6 elementor-widget elementor-widget-template\" data-id=\"06a15c6\" data-element_type=\"widget\" data-e-type=\"widget\" data-widget_type=\"template.default\">\n\t\t\t\t<div class=\"elementor-widget-container\">\n\t\t\t\t\t\t\t<div class=\"elementor-template\">\n\t\t\t\t\t<div data-elementor-type=\"container\" data-elementor-id=\"6182\" class=\"elementor elementor-6182 elementor-3073 elementor-3073\" data-elementor-post-type=\"elementor_library\">\n\t\t\t\t<div class=\"elementor-element elementor-element-74b32463 e-con-full e-flex e-con e-parent\" data-id=\"74b32463\" data-element_type=\"container\" data-e-type=\"container\" data-settings=\"{&quot;background_background&quot;:&quot;classic&quot;}\">\n\t\t\t\t<div class=\"elementor-element elementor-element-28b20a5e elementor-widget-tablet__width-initial elementor-widget elementor-widget-heading\" data-id=\"28b20a5e\" data-element_type=\"widget\" data-e-type=\"widget\" data-widget_type=\"heading.default\">\n\t\t\t\t<div class=\"elementor-widget-container\">\n\t\t\t\t\t<h2 class=\"elementor-heading-title elementor-size-default\">U susret budu\u0107nosti sa Ecotech Solutions<\/h2>\t\t\t\t<\/div>\n\t\t\t\t<\/div>\n\t\t\t\t<div class=\"elementor-element elementor-element-1db9aefb elementor-widget__width-initial elementor-widget-tablet__width-inherit elementor-widget elementor-widget-text-editor\" data-id=\"1db9aefb\" data-element_type=\"widget\" data-e-type=\"widget\" data-widget_type=\"text-editor.default\">\n\t\t\t\t<div class=\"elementor-widget-container\">\n\t\t\t\t\t\t\t\t\t<p>Dostupni smo Vam u svakom trenutku uz na\u0161u uslugu i stru\u010dnost. Kontaktirajte nas i zaka\u017eite neobavezuju\u0107i termin za konsultacije.<\/p>\n\t\t\t\t\t\t\t\t<\/div>\n\t\t\t\t<\/div>\n\t\t\t\t<div class=\"elementor-element elementor-element-77bf929b elementor-widget__width-inherit elementor-mobile-align-center elementor-align-center elementor-widget elementor-widget-button\" data-id=\"77bf929b\" data-element_type=\"widget\" data-e-type=\"widget\" data-widget_type=\"button.default\">\n\t\t\t\t<div class=\"elementor-widget-container\">\n\t\t\t\t\t\t\t\t\t<div class=\"elementor-button-wrapper\">\n\t\t\t\t\t<a class=\"elementor-button elementor-button-link elementor-size-sm\" href=\"https:\/\/ecotech-solutions.de\/bs\/kontakt\/\">\n\t\t\t\t\t\t<span class=\"elementor-button-content-wrapper\">\n\t\t\t\t\t\t<span class=\"elementor-button-icon\">\n\t\t\t\t<svg xmlns=\"http:\/\/www.w3.org\/2000\/svg\" id=\"Ebene_2\" data-name=\"Ebene 2\" viewBox=\"0 0 9.97 9.97\"><defs><style>      .cls-1 {        fill: currentColor;      }    <\/style><\/defs><g id=\"Ebene_1-2\" data-name=\"Ebene 1\"><path id=\"Icon_material-arrow-outward\" data-name=\"Icon material-arrow-outward\" class=\"cls-1\" d=\"M.77,0v1.53h6.59L0,8.89l1.08,1.08,7.35-7.35v6.59h1.53V0H.77Z\"><\/path><\/g><\/svg>\t\t\t<\/span>\n\t\t\t\t\t\t\t\t\t<span class=\"elementor-button-text\">uspostaviti kontakt<\/span>\n\t\t\t\t\t<\/span>\n\t\t\t\t\t<\/a>\n\t\t\t\t<\/div>\n\t\t\t\t\t\t\t\t<\/div>\n\t\t\t\t<\/div>\n\t\t\t\t<\/div>\n\t\t\t\t<\/div>\n\t\t\t\t<\/div>\n\t\t\t\t\t\t<\/div>\n\t\t\t\t<\/div>\n\t\t\t\t\t<\/div>\n\t\t\t\t<\/div>\n\t\t\t\t<\/div>\n\t\t","protected":false},"excerpt":{"rendered":"<p>Kompaktori za sme\u0107e Efikasno smanjenje otpada kroz na\u0161e kompaktore sme\u0107a Sa kompaktorom otpada iz Austropressena mo\u017eete na odr\u017eiv na\u010din smanjiti koli\u010dinu otpada i smanjiti svoje tro\u0161kove zbrinjavanja. Sabijanjem otpada osloba\u0111ate vrijedan prostor i stvarate \u010disto, uredno radno okru\u017eenje. Vi\u0161e nije potrebno naporno prethodno usitnjavanje i punjenje kontejnera, \u0161to \u0161tedi radno vrijeme. Tako\u0111er smanjujete svoje tro\u0161kove [&hellip;]<\/p>\n","protected":false},"author":4,"featured_media":0,"parent":5708,"menu_order":0,"comment_status":"closed","ping_status":"closed","template":"","meta":{"om_disable_all_campaigns":false,"_monsterinsights_skip_tracking":false,"_monsterinsights_sitenote_active":false,"_monsterinsights_sitenote_note":"","_monsterinsights_sitenote_category":0,"_uf_show_specific_survey":0,"_uf_disable_surveys":false,"footnotes":""},"class_list":["post-8449","page","type-page","status-publish","hentry"],"yoast_head":"<!-- This site is optimized with the Yoast SEO Premium plugin v23.5 (Yoast SEO v27.4) - https:\/\/yoast.com\/product\/yoast-seo-premium-wordpress\/ -->\n<title>Kompaktori za sme\u0107e - EcoTech Solutions<\/title>\n<meta name=\"robots\" content=\"index, follow, max-snippet:-1, max-image-preview:large, max-video-preview:-1\" \/>\n<link rel=\"canonical\" href=\"https:\/\/ecotech-solutions.de\/bs\/spektra\/kompaktori-za-smece\/\" \/>\n<meta property=\"og:locale\" content=\"bs_BA\" \/>\n<meta property=\"og:type\" content=\"article\" \/>\n<meta property=\"og:title\" content=\"Kompaktori za sme\u0107e\" \/>\n<meta property=\"og:description\" content=\"Kompaktori za sme\u0107e Efikasno smanjenje otpada kroz na\u0161e kompaktore sme\u0107a Sa kompaktorom otpada iz Austropressena mo\u017eete na odr\u017eiv na\u010din smanjiti koli\u010dinu otpada i smanjiti svoje tro\u0161kove zbrinjavanja. Sabijanjem otpada osloba\u0111ate vrijedan prostor i stvarate \u010disto, uredno radno okru\u017eenje. Vi\u0161e nije potrebno naporno prethodno usitnjavanje i punjenje kontejnera, \u0161to \u0161tedi radno vrijeme. Tako\u0111er smanjujete svoje tro\u0161kove [&hellip;]\" \/>\n<meta property=\"og:url\" content=\"https:\/\/ecotech-solutions.de\/bs\/spektra\/kompaktori-za-smece\/\" \/>\n<meta property=\"og:site_name\" content=\"EcoTech Solutions\" \/>\n<meta property=\"article:publisher\" content=\"https:\/\/www.instagram.com\/ecotech_umweltmanagement\/\" \/>\n<meta property=\"article:modified_time\" content=\"2024-09-19T07:37:21+00:00\" \/>\n<meta property=\"og:image\" content=\"https:\/\/ecotech-solutions.de\/wp-content\/uploads\/2024\/04\/UI-Element.svg\" \/>\n<meta name=\"twitter:card\" content=\"summary_large_image\" \/>\n<meta name=\"twitter:label1\" content=\"Est. reading time\" \/>\n\t<meta name=\"twitter:data1\" content=\"1 minuta\" \/>\n<script type=\"application\/ld+json\" class=\"yoast-schema-graph\">{\"@context\":\"https:\\\/\\\/schema.org\",\"@graph\":[{\"@type\":\"WebPage\",\"@id\":\"https:\\\/\\\/ecotech-solutions.de\\\/bs\\\/spektra\\\/kompaktori-za-smece\\\/\",\"url\":\"https:\\\/\\\/ecotech-solutions.de\\\/bs\\\/spektra\\\/kompaktori-za-smece\\\/\",\"name\":\"Kompaktori za sme\u0107e - EcoTech Solutions\",\"isPartOf\":{\"@id\":\"https:\\\/\\\/ecotech-solutions.de\\\/bs\\\/#website\"},\"primaryImageOfPage\":{\"@id\":\"https:\\\/\\\/ecotech-solutions.de\\\/bs\\\/spektra\\\/kompaktori-za-smece\\\/#primaryimage\"},\"image\":{\"@id\":\"https:\\\/\\\/ecotech-solutions.de\\\/bs\\\/spektra\\\/kompaktori-za-smece\\\/#primaryimage\"},\"thumbnailUrl\":\"https:\\\/\\\/ecotech-solutions.de\\\/wp-content\\\/uploads\\\/2024\\\/04\\\/UI-Element.svg\",\"datePublished\":\"2024-09-18T14:15:30+00:00\",\"dateModified\":\"2024-09-19T07:37:21+00:00\",\"breadcrumb\":{\"@id\":\"https:\\\/\\\/ecotech-solutions.de\\\/bs\\\/spektra\\\/kompaktori-za-smece\\\/#breadcrumb\"},\"inLanguage\":\"bs-BA\",\"potentialAction\":[{\"@type\":\"ReadAction\",\"target\":[\"https:\\\/\\\/ecotech-solutions.de\\\/bs\\\/spektra\\\/kompaktori-za-smece\\\/\"]}]},{\"@type\":\"ImageObject\",\"inLanguage\":\"bs-BA\",\"@id\":\"https:\\\/\\\/ecotech-solutions.de\\\/bs\\\/spektra\\\/kompaktori-za-smece\\\/#primaryimage\",\"url\":\"https:\\\/\\\/ecotech-solutions.de\\\/wp-content\\\/uploads\\\/2024\\\/04\\\/UI-Element.svg\",\"contentUrl\":\"https:\\\/\\\/ecotech-solutions.de\\\/wp-content\\\/uploads\\\/2024\\\/04\\\/UI-Element.svg\"},{\"@type\":\"BreadcrumbList\",\"@id\":\"https:\\\/\\\/ecotech-solutions.de\\\/bs\\\/spektra\\\/kompaktori-za-smece\\\/#breadcrumb\",\"itemListElement\":[{\"@type\":\"ListItem\",\"position\":1,\"name\":\"Home\",\"item\":\"https:\\\/\\\/ecotech-solutions.de\\\/bs\\\/ecotech-solutions\\\/\"},{\"@type\":\"ListItem\",\"position\":2,\"name\":\"spektra\",\"item\":\"https:\\\/\\\/ecotech-solutions.de\\\/bs\\\/spektra\\\/\"},{\"@type\":\"ListItem\",\"position\":3,\"name\":\"Kompaktori za sme\u0107e\"}]},{\"@type\":\"WebSite\",\"@id\":\"https:\\\/\\\/ecotech-solutions.de\\\/bs\\\/#website\",\"url\":\"https:\\\/\\\/ecotech-solutions.de\\\/bs\\\/\",\"name\":\"EcoTech Solutions Umwelttechnik\",\"description\":\"Umwelttechnik\",\"publisher\":{\"@id\":\"https:\\\/\\\/ecotech-solutions.de\\\/bs\\\/#organization\"},\"potentialAction\":[{\"@type\":\"SearchAction\",\"target\":{\"@type\":\"EntryPoint\",\"urlTemplate\":\"https:\\\/\\\/ecotech-solutions.de\\\/bs\\\/?s={search_term_string}\"},\"query-input\":{\"@type\":\"PropertyValueSpecification\",\"valueRequired\":true,\"valueName\":\"search_term_string\"}}],\"inLanguage\":\"bs-BA\"},{\"@type\":\"Organization\",\"@id\":\"https:\\\/\\\/ecotech-solutions.de\\\/bs\\\/#organization\",\"name\":\"EcoTech Solutions Umwelttechnik\",\"url\":\"https:\\\/\\\/ecotech-solutions.de\\\/bs\\\/\",\"logo\":{\"@type\":\"ImageObject\",\"inLanguage\":\"bs-BA\",\"@id\":\"https:\\\/\\\/ecotech-solutions.de\\\/bs\\\/#\\\/schema\\\/logo\\\/image\\\/\",\"url\":\"https:\\\/\\\/ecotech-solutions.de\\\/wp-content\\\/uploads\\\/2024\\\/04\\\/Logo-Ecotech.svg\",\"contentUrl\":\"https:\\\/\\\/ecotech-solutions.de\\\/wp-content\\\/uploads\\\/2024\\\/04\\\/Logo-Ecotech.svg\",\"width\":1239.54,\"height\":281,\"caption\":\"EcoTech Solutions Umwelttechnik\"},\"image\":{\"@id\":\"https:\\\/\\\/ecotech-solutions.de\\\/bs\\\/#\\\/schema\\\/logo\\\/image\\\/\"},\"sameAs\":[\"https:\\\/\\\/www.instagram.com\\\/ecotech_umweltmanagement\\\/\"]}]}<\/script>\n<!-- \/ Yoast SEO Premium plugin. -->","yoast_head_json":{"title":"Kompaktori za sme\u0107e - EcoTech Solutions","robots":{"index":"index","follow":"follow","max-snippet":"max-snippet:-1","max-image-preview":"max-image-preview:large","max-video-preview":"max-video-preview:-1"},"canonical":"https:\/\/ecotech-solutions.de\/bs\/spektra\/kompaktori-za-smece\/","og_locale":"bs_BA","og_type":"article","og_title":"Kompaktori za sme\u0107e","og_description":"Kompaktori za sme\u0107e Efikasno smanjenje otpada kroz na\u0161e kompaktore sme\u0107a Sa kompaktorom otpada iz Austropressena mo\u017eete na odr\u017eiv na\u010din smanjiti koli\u010dinu otpada i smanjiti svoje tro\u0161kove zbrinjavanja. Sabijanjem otpada osloba\u0111ate vrijedan prostor i stvarate \u010disto, uredno radno okru\u017eenje. Vi\u0161e nije potrebno naporno prethodno usitnjavanje i punjenje kontejnera, \u0161to \u0161tedi radno vrijeme. Tako\u0111er smanjujete svoje tro\u0161kove [&hellip;]","og_url":"https:\/\/ecotech-solutions.de\/bs\/spektra\/kompaktori-za-smece\/","og_site_name":"EcoTech Solutions","article_publisher":"https:\/\/www.instagram.com\/ecotech_umweltmanagement\/","article_modified_time":"2024-09-19T07:37:21+00:00","og_image":[{"url":"https:\/\/ecotech-solutions.de\/wp-content\/uploads\/2024\/04\/UI-Element.svg","type":"","width":"","height":""}],"twitter_card":"summary_large_image","twitter_misc":{"Est. reading time":"1 minuta"},"schema":{"@context":"https:\/\/schema.org","@graph":[{"@type":"WebPage","@id":"https:\/\/ecotech-solutions.de\/bs\/spektra\/kompaktori-za-smece\/","url":"https:\/\/ecotech-solutions.de\/bs\/spektra\/kompaktori-za-smece\/","name":"Kompaktori za sme\u0107e - EcoTech Solutions","isPartOf":{"@id":"https:\/\/ecotech-solutions.de\/bs\/#website"},"primaryImageOfPage":{"@id":"https:\/\/ecotech-solutions.de\/bs\/spektra\/kompaktori-za-smece\/#primaryimage"},"image":{"@id":"https:\/\/ecotech-solutions.de\/bs\/spektra\/kompaktori-za-smece\/#primaryimage"},"thumbnailUrl":"https:\/\/ecotech-solutions.de\/wp-content\/uploads\/2024\/04\/UI-Element.svg","datePublished":"2024-09-18T14:15:30+00:00","dateModified":"2024-09-19T07:37:21+00:00","breadcrumb":{"@id":"https:\/\/ecotech-solutions.de\/bs\/spektra\/kompaktori-za-smece\/#breadcrumb"},"inLanguage":"bs-BA","potentialAction":[{"@type":"ReadAction","target":["https:\/\/ecotech-solutions.de\/bs\/spektra\/kompaktori-za-smece\/"]}]},{"@type":"ImageObject","inLanguage":"bs-BA","@id":"https:\/\/ecotech-solutions.de\/bs\/spektra\/kompaktori-za-smece\/#primaryimage","url":"https:\/\/ecotech-solutions.de\/wp-content\/uploads\/2024\/04\/UI-Element.svg","contentUrl":"https:\/\/ecotech-solutions.de\/wp-content\/uploads\/2024\/04\/UI-Element.svg"},{"@type":"BreadcrumbList","@id":"https:\/\/ecotech-solutions.de\/bs\/spektra\/kompaktori-za-smece\/#breadcrumb","itemListElement":[{"@type":"ListItem","position":1,"name":"Home","item":"https:\/\/ecotech-solutions.de\/bs\/ecotech-solutions\/"},{"@type":"ListItem","position":2,"name":"spektra","item":"https:\/\/ecotech-solutions.de\/bs\/spektra\/"},{"@type":"ListItem","position":3,"name":"Kompaktori za sme\u0107e"}]},{"@type":"WebSite","@id":"https:\/\/ecotech-solutions.de\/bs\/#website","url":"https:\/\/ecotech-solutions.de\/bs\/","name":"EcoTech Solutions Umwelttechnik","description":"Umwelttechnik","publisher":{"@id":"https:\/\/ecotech-solutions.de\/bs\/#organization"},"potentialAction":[{"@type":"SearchAction","target":{"@type":"EntryPoint","urlTemplate":"https:\/\/ecotech-solutions.de\/bs\/?s={search_term_string}"},"query-input":{"@type":"PropertyValueSpecification","valueRequired":true,"valueName":"search_term_string"}}],"inLanguage":"bs-BA"},{"@type":"Organization","@id":"https:\/\/ecotech-solutions.de\/bs\/#organization","name":"EcoTech Solutions Umwelttechnik","url":"https:\/\/ecotech-solutions.de\/bs\/","logo":{"@type":"ImageObject","inLanguage":"bs-BA","@id":"https:\/\/ecotech-solutions.de\/bs\/#\/schema\/logo\/image\/","url":"https:\/\/ecotech-solutions.de\/wp-content\/uploads\/2024\/04\/Logo-Ecotech.svg","contentUrl":"https:\/\/ecotech-solutions.de\/wp-content\/uploads\/2024\/04\/Logo-Ecotech.svg","width":1239.54,"height":281,"caption":"EcoTech Solutions Umwelttechnik"},"image":{"@id":"https:\/\/ecotech-solutions.de\/bs\/#\/schema\/logo\/image\/"},"sameAs":["https:\/\/www.instagram.com\/ecotech_umweltmanagement\/"]}]}},"_links":{"self":[{"href":"https:\/\/ecotech-solutions.de\/bs\/wp-json\/wp\/v2\/pages\/8449","targetHints":{"allow":["GET"]}}],"collection":[{"href":"https:\/\/ecotech-solutions.de\/bs\/wp-json\/wp\/v2\/pages"}],"about":[{"href":"https:\/\/ecotech-solutions.de\/bs\/wp-json\/wp\/v2\/types\/page"}],"author":[{"embeddable":true,"href":"https:\/\/ecotech-solutions.de\/bs\/wp-json\/wp\/v2\/users\/4"}],"replies":[{"embeddable":true,"href":"https:\/\/ecotech-solutions.de\/bs\/wp-json\/wp\/v2\/comments?post=8449"}],"version-history":[{"count":4,"href":"https:\/\/ecotech-solutions.de\/bs\/wp-json\/wp\/v2\/pages\/8449\/revisions"}],"predecessor-version":[{"id":8667,"href":"https:\/\/ecotech-solutions.de\/bs\/wp-json\/wp\/v2\/pages\/8449\/revisions\/8667"}],"up":[{"embeddable":true,"href":"https:\/\/ecotech-solutions.de\/bs\/wp-json\/wp\/v2\/pages\/5708"}],"wp:attachment":[{"href":"https:\/\/ecotech-solutions.de\/bs\/wp-json\/wp\/v2\/media?parent=8449"}],"curies":[{"name":"wp","href":"https:\/\/api.w.org\/{rel}","templated":true}]}}