{"id":5461,"date":"2024-04-24T07:46:19","date_gmt":"2024-04-24T07:46:19","guid":{"rendered":"https:\/\/ecotech-solutions.de\/otisak\/"},"modified":"2024-08-21T06:56:36","modified_gmt":"2024-08-21T06:56:36","slug":"otisak","status":"publish","type":"page","link":"https:\/\/ecotech-solutions.de\/bs\/otisak\/","title":{"rendered":"otisak"},"content":{"rendered":"\t\t<div data-elementor-type=\"wp-page\" data-elementor-id=\"5461\" class=\"elementor elementor-5461 elementor-5418\" data-elementor-post-type=\"page\">\n\t\t\t\t<div class=\"elementor-element elementor-element-8d5db2e e-flex e-con-boxed e-con e-parent\" data-id=\"8d5db2e\" data-element_type=\"container\" data-e-type=\"container\">\n\t\t\t\t\t<div class=\"e-con-inner\">\n\t\t<div class=\"elementor-element elementor-element-c83963e e-flex e-con-boxed e-con e-child\" data-id=\"c83963e\" data-element_type=\"container\" data-e-type=\"container\" data-settings=\"{&quot;background_background&quot;:&quot;classic&quot;}\">\n\t\t\t\t\t<div class=\"e-con-inner\">\n\t\t\t\t<div class=\"elementor-element elementor-element-c082112 elementor-widget__width-inherit elementor-widget elementor-widget-text-editor\" data-id=\"c082112\" data-element_type=\"widget\" data-e-type=\"widget\" data-widget_type=\"text-editor.default\">\n\t\t\t\t<div class=\"elementor-widget-container\">\n\t\t\t\t\t\t\t\t\t<h1>otisak<\/h1>\n<p>Prema \u00a7 5 TMG<\/p>\n<p>EcoTech Solutions Tehnologija za\u0161tite okoli\u0161a<br> Schleissheimer 102<br> 85748 Garching kod Minhena<\/p>\n<p><strong>Predstavlja:<\/strong><br> Almir Avdi\u0107<\/p>\n<p><strong>Kontakt:<\/strong><br> Telefon: 089-171 181 68<br> E-mail:&nbsp; <a href=\"mailto:info@ecotech-solutions.de\">info@ecotech-solutions.de<\/a><\/p>\n<p><strong>PDV ID:<\/strong><br> Identifikacioni broj poreza na promet u skladu sa Odjeljkom 27a Zakona o porezu na promet: DE 369202959<\/p>\n<p><strong>Ekonomski ID:<\/strong><\/p>\n<p><strong>Odricanje od odgovornosti:<\/strong><\/p>\n<p><strong>Odgovornost za sadr\u017eaj<\/strong><\/p>\n<p>Sadr\u017eaj na\u0161ih stranica kreiran je s velikom pa\u017enjom. Me\u0111utim, ne mo\u017eemo jam\u010diti da je sadr\u017eaj ispravan, potpun ili a\u017euran. Kao pru\u017ealac usluga, mi smo u skladu sa Odjeljkom 7 stav 1 TMG je odgovoran za sopstveni sadr\u017eaj na ovim stranicama u skladu sa op\u0161tim zakonima. Me\u0111utim, prema odjeljcima 8 do 10 TMG, kao pru\u017ealac usluga nismo u obavezi da nadgledamo prenete ili pohranjene informacije tre\u0107ih strana ili da istra\u017eujemo okolnosti koje ukazuju na nezakonite aktivnosti. Obaveze uklanjanja ili blokiranja kori\u0161tenja informacija u skladu s op\u0107im zakonom ostaju nepromijenjene. Me\u0111utim, odgovornost u tom pogledu je mogu\u0107a tek od trenutka saznanja za konkretnu povredu zakona. Ako saznamo za bilo koje odgovaraju\u0107e kr\u0161enje zakona, odmah \u0107emo ukloniti ovaj sadr\u017eaj.<\/p>\n<p><strong>Odgovornost za linkove<\/strong><\/p>\n<p>Na\u0161a ponuda sadr\u017ei linkove ka vanjskim web stranicama tre\u0107ih strana na \u010diji sadr\u017eaj nemamo utjecaja. Stoga ne mo\u017eemo preuzeti nikakvu odgovornost za ovaj vanjski sadr\u017eaj. Odgovaraju\u0107i provajder ili operater stranica je uvijek odgovoran za sadr\u017eaj povezanih stranica. Povezane stranice su provjerene zbog mogu\u0107ih kr\u0161enja zakona u vrijeme povezivanja. Ilegalni sadr\u017eaj nije bio o\u010digledan u vrijeme povezivanja. Me\u0111utim, stalna kontrola sadr\u017eaja povezanih stranica je nerazumna bez konkretnih dokaza o kr\u0161enju zakona. Ako saznamo za kr\u0161enje zakona, odmah \u0107emo ukloniti takve linkove.<\/p>\n<p><strong>autorsko pravo<\/strong><\/p>\n<p>Sadr\u017eaj i radovi na ovim stranicama kreirani od strane operatera stranice podlije\u017eu njema\u010dkom zakonu o autorskim pravima. Reprodukcija, obrada, distribucija i bilo koja vrsta iskori\u0161\u0107avanja izvan granica zakona o autorskim pravima zahtijevaju pismenu saglasnost odgovaraju\u0107eg autora ili kreatora. Preuzimanja i kopije ove stranice dozvoljeni su samo za privatnu, nekomercijalnu upotrebu. Ukoliko sadr\u017eaj na ovoj stranici nije kreirao operater, po\u0161tuju se autorska prava tre\u0107ih lica. Posebno su sadr\u017eaji tre\u0107ih lica ozna\u010deni kao takvi. Ako ipak saznate za kr\u0161enje autorskih prava, molimo da nas o tome obavijestite. Ako saznamo za bilo kakvo kr\u0161enje zakona, odmah \u0107emo ukloniti takav sadr\u017eaj.<\/p>\n<p><strong>za\u0161tita podataka<\/strong><\/p>\n<p>Op\u0107enito je mogu\u0107e koristiti na\u0161u web stranicu bez davanja li\u010dnih podataka. \u0160to se ti\u010de li\u010dnih podataka (npr. ime, adresa ili e-mail adrese) prikupljaju se na na\u0161im stranicama, to se uvijek radi, koliko je to mogu\u0107e, na dobrovoljnoj osnovi. Ovi podaci ne\u0107e biti proslije\u0111eni tre\u0107im licima bez va\u0161eg izri\u010ditog pristanka.<br> Napominjemo da prijenos podataka putem interneta (npr. pri komunikaciji putem e-po\u0161te) mo\u017ee imati sigurnosne nedostatke. Potpuna za\u0161tita podataka od pristupa tre\u0107ih lica nije mogu\u0107a.<br> Izri\u010dito je zabranjeno kori\u0161tenje kontakt podataka objavljenih kao dio obaveze otiska od strane tre\u0107ih lica za slanje ne\u017eeljenih reklamnih i informativnih materijala. Operateri stranica izri\u010dito zadr\u017eavaju pravo da poduzmu pravne radnje u slu\u010daju slanja ne\u017eeljenih reklamnih informacija, poput ne\u017eeljene e-po\u0161te.<\/p>\t\t\t\t\t\t\t\t<\/div>\n\t\t\t\t<\/div>\n\t\t\t\t\t<\/div>\n\t\t\t\t<\/div>\n\t\t\t\t\t<\/div>\n\t\t\t\t<\/div>\n\t\t\t\t<\/div>\n\t\t","protected":false},"excerpt":{"rendered":"<p>otisak Prema \u00a7 5 TMG EcoTech Solutions Tehnologija za\u0161tite okoli\u0161a Schleissheimer 102 85748 Garching kod Minhena Predstavlja: Almir Avdi\u0107 Kontakt: Telefon: 089-171 181 68 E-mail:&nbsp; info@ecotech-solutions.de PDV ID: Identifikacioni broj poreza na promet u skladu sa Odjeljkom 27a Zakona o porezu na promet: DE 369202959 Ekonomski ID: Odricanje od odgovornosti: Odgovornost za sadr\u017eaj Sadr\u017eaj na\u0161ih [&hellip;]<\/p>\n","protected":false},"author":1,"featured_media":0,"parent":0,"menu_order":0,"comment_status":"closed","ping_status":"closed","template":"","meta":{"om_disable_all_campaigns":false,"_monsterinsights_skip_tracking":false,"_monsterinsights_sitenote_active":false,"_monsterinsights_sitenote_note":"","_monsterinsights_sitenote_category":0,"_uf_show_specific_survey":0,"_uf_disable_surveys":false,"footnotes":""},"class_list":["post-5461","page","type-page","status-publish","hentry"],"yoast_head":"<!-- This site is optimized with the Yoast SEO Premium plugin v23.5 (Yoast SEO v27.4) - https:\/\/yoast.com\/product\/yoast-seo-premium-wordpress\/ -->\n<title>otisak - EcoTech Solutions<\/title>\n<meta name=\"robots\" content=\"index, follow, max-snippet:-1, max-image-preview:large, max-video-preview:-1\" \/>\n<link rel=\"canonical\" href=\"https:\/\/ecotech-solutions.de\/bs\/otisak\/\" \/>\n<meta property=\"og:locale\" content=\"bs_BA\" \/>\n<meta property=\"og:type\" content=\"article\" \/>\n<meta property=\"og:title\" content=\"otisak\" \/>\n<meta property=\"og:description\" content=\"otisak Prema \u00a7 5 TMG EcoTech Solutions Tehnologija za\u0161tite okoli\u0161a Schleissheimer 102 85748 Garching kod Minhena Predstavlja: Almir Avdi\u0107 Kontakt: Telefon: 089-171 181 68 E-mail:&nbsp; info@ecotech-solutions.de PDV ID: Identifikacioni broj poreza na promet u skladu sa Odjeljkom 27a Zakona o porezu na promet: DE 369202959 Ekonomski ID: Odricanje od odgovornosti: Odgovornost za sadr\u017eaj Sadr\u017eaj na\u0161ih [&hellip;]\" \/>\n<meta property=\"og:url\" content=\"https:\/\/ecotech-solutions.de\/bs\/otisak\/\" \/>\n<meta property=\"og:site_name\" content=\"EcoTech Solutions\" \/>\n<meta property=\"article:publisher\" content=\"https:\/\/www.instagram.com\/ecotech_umweltmanagement\/\" \/>\n<meta property=\"article:modified_time\" content=\"2024-08-21T06:56:36+00:00\" \/>\n<meta name=\"twitter:card\" content=\"summary_large_image\" \/>\n<meta name=\"twitter:label1\" content=\"Est. reading time\" \/>\n\t<meta name=\"twitter:data1\" content=\"3 minute\" \/>\n<script type=\"application\/ld+json\" class=\"yoast-schema-graph\">{\"@context\":\"https:\\\/\\\/schema.org\",\"@graph\":[{\"@type\":\"WebPage\",\"@id\":\"https:\\\/\\\/ecotech-solutions.de\\\/bs\\\/otisak\\\/\",\"url\":\"https:\\\/\\\/ecotech-solutions.de\\\/bs\\\/otisak\\\/\",\"name\":\"otisak - EcoTech Solutions\",\"isPartOf\":{\"@id\":\"https:\\\/\\\/ecotech-solutions.de\\\/bs\\\/#website\"},\"datePublished\":\"2024-04-24T07:46:19+00:00\",\"dateModified\":\"2024-08-21T06:56:36+00:00\",\"breadcrumb\":{\"@id\":\"https:\\\/\\\/ecotech-solutions.de\\\/bs\\\/otisak\\\/#breadcrumb\"},\"inLanguage\":\"bs-BA\",\"potentialAction\":[{\"@type\":\"ReadAction\",\"target\":[\"https:\\\/\\\/ecotech-solutions.de\\\/bs\\\/otisak\\\/\"]}]},{\"@type\":\"BreadcrumbList\",\"@id\":\"https:\\\/\\\/ecotech-solutions.de\\\/bs\\\/otisak\\\/#breadcrumb\",\"itemListElement\":[{\"@type\":\"ListItem\",\"position\":1,\"name\":\"Home\",\"item\":\"https:\\\/\\\/ecotech-solutions.de\\\/bs\\\/ecotech-solutions\\\/\"},{\"@type\":\"ListItem\",\"position\":2,\"name\":\"otisak\"}]},{\"@type\":\"WebSite\",\"@id\":\"https:\\\/\\\/ecotech-solutions.de\\\/bs\\\/#website\",\"url\":\"https:\\\/\\\/ecotech-solutions.de\\\/bs\\\/\",\"name\":\"EcoTech Solutions Umwelttechnik\",\"description\":\"Umwelttechnik\",\"publisher\":{\"@id\":\"https:\\\/\\\/ecotech-solutions.de\\\/bs\\\/#organization\"},\"potentialAction\":[{\"@type\":\"SearchAction\",\"target\":{\"@type\":\"EntryPoint\",\"urlTemplate\":\"https:\\\/\\\/ecotech-solutions.de\\\/bs\\\/?s={search_term_string}\"},\"query-input\":{\"@type\":\"PropertyValueSpecification\",\"valueRequired\":true,\"valueName\":\"search_term_string\"}}],\"inLanguage\":\"bs-BA\"},{\"@type\":\"Organization\",\"@id\":\"https:\\\/\\\/ecotech-solutions.de\\\/bs\\\/#organization\",\"name\":\"EcoTech Solutions Umwelttechnik\",\"url\":\"https:\\\/\\\/ecotech-solutions.de\\\/bs\\\/\",\"logo\":{\"@type\":\"ImageObject\",\"inLanguage\":\"bs-BA\",\"@id\":\"https:\\\/\\\/ecotech-solutions.de\\\/bs\\\/#\\\/schema\\\/logo\\\/image\\\/\",\"url\":\"https:\\\/\\\/ecotech-solutions.de\\\/wp-content\\\/uploads\\\/2024\\\/04\\\/Logo-Ecotech.svg\",\"contentUrl\":\"https:\\\/\\\/ecotech-solutions.de\\\/wp-content\\\/uploads\\\/2024\\\/04\\\/Logo-Ecotech.svg\",\"width\":1239.54,\"height\":281,\"caption\":\"EcoTech Solutions Umwelttechnik\"},\"image\":{\"@id\":\"https:\\\/\\\/ecotech-solutions.de\\\/bs\\\/#\\\/schema\\\/logo\\\/image\\\/\"},\"sameAs\":[\"https:\\\/\\\/www.instagram.com\\\/ecotech_umweltmanagement\\\/\"]}]}<\/script>\n<!-- \/ Yoast SEO Premium plugin. -->","yoast_head_json":{"title":"otisak - EcoTech Solutions","robots":{"index":"index","follow":"follow","max-snippet":"max-snippet:-1","max-image-preview":"max-image-preview:large","max-video-preview":"max-video-preview:-1"},"canonical":"https:\/\/ecotech-solutions.de\/bs\/otisak\/","og_locale":"bs_BA","og_type":"article","og_title":"otisak","og_description":"otisak Prema \u00a7 5 TMG EcoTech Solutions Tehnologija za\u0161tite okoli\u0161a Schleissheimer 102 85748 Garching kod Minhena Predstavlja: Almir Avdi\u0107 Kontakt: Telefon: 089-171 181 68 E-mail:&nbsp; info@ecotech-solutions.de PDV ID: Identifikacioni broj poreza na promet u skladu sa Odjeljkom 27a Zakona o porezu na promet: DE 369202959 Ekonomski ID: Odricanje od odgovornosti: Odgovornost za sadr\u017eaj Sadr\u017eaj na\u0161ih [&hellip;]","og_url":"https:\/\/ecotech-solutions.de\/bs\/otisak\/","og_site_name":"EcoTech Solutions","article_publisher":"https:\/\/www.instagram.com\/ecotech_umweltmanagement\/","article_modified_time":"2024-08-21T06:56:36+00:00","twitter_card":"summary_large_image","twitter_misc":{"Est. reading time":"3 minute"},"schema":{"@context":"https:\/\/schema.org","@graph":[{"@type":"WebPage","@id":"https:\/\/ecotech-solutions.de\/bs\/otisak\/","url":"https:\/\/ecotech-solutions.de\/bs\/otisak\/","name":"otisak - EcoTech Solutions","isPartOf":{"@id":"https:\/\/ecotech-solutions.de\/bs\/#website"},"datePublished":"2024-04-24T07:46:19+00:00","dateModified":"2024-08-21T06:56:36+00:00","breadcrumb":{"@id":"https:\/\/ecotech-solutions.de\/bs\/otisak\/#breadcrumb"},"inLanguage":"bs-BA","potentialAction":[{"@type":"ReadAction","target":["https:\/\/ecotech-solutions.de\/bs\/otisak\/"]}]},{"@type":"BreadcrumbList","@id":"https:\/\/ecotech-solutions.de\/bs\/otisak\/#breadcrumb","itemListElement":[{"@type":"ListItem","position":1,"name":"Home","item":"https:\/\/ecotech-solutions.de\/bs\/ecotech-solutions\/"},{"@type":"ListItem","position":2,"name":"otisak"}]},{"@type":"WebSite","@id":"https:\/\/ecotech-solutions.de\/bs\/#website","url":"https:\/\/ecotech-solutions.de\/bs\/","name":"EcoTech Solutions Umwelttechnik","description":"Umwelttechnik","publisher":{"@id":"https:\/\/ecotech-solutions.de\/bs\/#organization"},"potentialAction":[{"@type":"SearchAction","target":{"@type":"EntryPoint","urlTemplate":"https:\/\/ecotech-solutions.de\/bs\/?s={search_term_string}"},"query-input":{"@type":"PropertyValueSpecification","valueRequired":true,"valueName":"search_term_string"}}],"inLanguage":"bs-BA"},{"@type":"Organization","@id":"https:\/\/ecotech-solutions.de\/bs\/#organization","name":"EcoTech Solutions Umwelttechnik","url":"https:\/\/ecotech-solutions.de\/bs\/","logo":{"@type":"ImageObject","inLanguage":"bs-BA","@id":"https:\/\/ecotech-solutions.de\/bs\/#\/schema\/logo\/image\/","url":"https:\/\/ecotech-solutions.de\/wp-content\/uploads\/2024\/04\/Logo-Ecotech.svg","contentUrl":"https:\/\/ecotech-solutions.de\/wp-content\/uploads\/2024\/04\/Logo-Ecotech.svg","width":1239.54,"height":281,"caption":"EcoTech Solutions Umwelttechnik"},"image":{"@id":"https:\/\/ecotech-solutions.de\/bs\/#\/schema\/logo\/image\/"},"sameAs":["https:\/\/www.instagram.com\/ecotech_umweltmanagement\/"]}]}},"_links":{"self":[{"href":"https:\/\/ecotech-solutions.de\/bs\/wp-json\/wp\/v2\/pages\/5461","targetHints":{"allow":["GET"]}}],"collection":[{"href":"https:\/\/ecotech-solutions.de\/bs\/wp-json\/wp\/v2\/pages"}],"about":[{"href":"https:\/\/ecotech-solutions.de\/bs\/wp-json\/wp\/v2\/types\/page"}],"author":[{"embeddable":true,"href":"https:\/\/ecotech-solutions.de\/bs\/wp-json\/wp\/v2\/users\/1"}],"replies":[{"embeddable":true,"href":"https:\/\/ecotech-solutions.de\/bs\/wp-json\/wp\/v2\/comments?post=5461"}],"version-history":[{"count":3,"href":"https:\/\/ecotech-solutions.de\/bs\/wp-json\/wp\/v2\/pages\/5461\/revisions"}],"predecessor-version":[{"id":6303,"href":"https:\/\/ecotech-solutions.de\/bs\/wp-json\/wp\/v2\/pages\/5461\/revisions\/6303"}],"wp:attachment":[{"href":"https:\/\/ecotech-solutions.de\/bs\/wp-json\/wp\/v2\/media?parent=5461"}],"curies":[{"name":"wp","href":"https:\/\/api.w.org\/{rel}","templated":true}]}}